{"id":78886,"date":"2020-10-28T08:56:06","date_gmt":"2020-10-28T07:56:06","guid":{"rendered":"https:\/\/www.go-now.eu\/nos-engagements\/"},"modified":"2025-04-02T09:38:51","modified_gmt":"2025-04-02T08:38:51","slug":"nos-engagements","status":"publish","type":"page","link":"https:\/\/www.go-now.eu\/fr-be\/nos-engagements\/","title":{"rendered":"Nos Engagements"},"content":{"rendered":"\t\t<div data-elementor-type=\"wp-page\" data-elementor-id=\"78886\" class=\"elementor elementor-78886 elementor-603\" data-elementor-post-type=\"page\">\n\t\t\t\t\t\t<section class=\"elementor-section elementor-top-section elementor-element elementor-element-8dbb45a elementor-section-boxed elementor-section-height-default elementor-section-height-default\" data-id=\"8dbb45a\" data-element_type=\"section\" data-e-type=\"section\" data-settings=\"{&quot;background_background&quot;:&quot;classic&quot;,&quot;jet_parallax_layout_list&quot;:[]}\">\n\t\t\t\t\t\t\t<div class=\"elementor-background-overlay\"><\/div>\n\t\t\t\t\t\t\t<div class=\"elementor-container elementor-column-gap-default\">\n\t\t\t\t\t<div class=\"elementor-column elementor-col-100 elementor-top-column elementor-element elementor-element-245dbea\" data-id=\"245dbea\" data-element_type=\"column\" data-e-type=\"column\">\n\t\t\t<div class=\"elementor-widget-wrap elementor-element-populated\">\n\t\t\t\t\t\t<div class=\"elementor-element elementor-element-9344222 elementor-widget elementor-widget-heading\" data-id=\"9344222\" data-element_type=\"widget\" data-e-type=\"widget\" data-widget_type=\"heading.default\">\n\t\t\t\t<div class=\"elementor-widget-container\">\n\t\t\t\t\t<h1 class=\"elementor-heading-title elementor-size-default\">Nos Engagements<\/h1>\t\t\t\t<\/div>\n\t\t\t\t<\/div>\n\t\t\t\t\t<\/div>\n\t\t<\/div>\n\t\t\t\t\t<\/div>\n\t\t<\/section>\n\t\t\t\t<section class=\"elementor-section elementor-top-section elementor-element elementor-element-3353a97 elementor-section-full_width elementor-section-height-default elementor-section-height-default\" data-id=\"3353a97\" data-element_type=\"section\" data-e-type=\"section\" data-settings=\"{&quot;jet_parallax_layout_list&quot;:[]}\">\n\t\t\t\t\t\t<div class=\"elementor-container elementor-column-gap-default\">\n\t\t\t\t\t<div class=\"elementor-column elementor-col-50 elementor-top-column elementor-element elementor-element-cfbf034\" data-id=\"cfbf034\" data-element_type=\"column\" data-e-type=\"column\">\n\t\t\t<div class=\"elementor-widget-wrap elementor-element-populated\">\n\t\t\t\t\t\t<div class=\"elementor-element elementor-element-0f8dede elementor-widget elementor-widget-heading\" data-id=\"0f8dede\" data-element_type=\"widget\" data-e-type=\"widget\" data-widget_type=\"heading.default\">\n\t\t\t\t<div class=\"elementor-widget-container\">\n\t\t\t\t\t<h2 class=\"elementor-heading-title elementor-size-default\">Livraison<\/h2>\t\t\t\t<\/div>\n\t\t\t\t<\/div>\n\t\t\t\t<div class=\"elementor-element elementor-element-14a697a elementor-widget elementor-widget-text-editor\" data-id=\"14a697a\" data-element_type=\"widget\" data-e-type=\"widget\" data-widget_type=\"text-editor.default\">\n\t\t\t\t<div class=\"elementor-widget-container\">\n\t\t\t\t\t\t\t\t\t<div><p>Les frais de livraison sont de 4,95 \u20ac pour les envois vers la Belgique et de 6,95 \u20ac pour la France. La livraison est offerte pour toute commande sup\u00e9rieure \u00e0 65 \u20ac.<\/p><p>Au moment de l&rsquo;exp\u00e9dition, vous recevrez un code de suivi par e-mail. Gr\u00e2ce \u00e0 celui-ci, vous pourrez suivre votre commande.<\/p><p>Command\u00e9 les jours ouvrables avant 17h, <strong>livr\u00e9 le lendemain.<\/strong><\/p><p>Command\u00e9 le samedi ou le dimanche, <strong>livr\u00e9 le mardi.<\/strong><\/p><p>Nous nous effor\u00e7ons d&rsquo;exp\u00e9dier tous les colis \u00e0 temps chaque jour. Dans 95 % des cas, un colis exp\u00e9di\u00e9 est livr\u00e9 le lendemain. Il peut arriver, en raison d&rsquo;une forte demande nationale, que cela prenne un peu plus de temps. Si cela se produit, vous serez toujours inform\u00e9 via un code de suivi.<\/p><p><strong>Livraison en point relais<\/strong><\/p><p>Vous n&rsquo;\u00eates pas \u00e0 la maison ? Vous pouvez \u00e9galement faire livrer votre commande dans un point relais pr\u00e8s de chez vous. Vous pouvez indiquer cette option avant de finaliser votre commande. S\u00e9lectionnez un point relais dans la liste propos\u00e9e.<\/p><\/div>\t\t\t\t\t\t\t\t<\/div>\n\t\t\t\t<\/div>\n\t\t\t\t\t<\/div>\n\t\t<\/div>\n\t\t\t\t<div class=\"elementor-column elementor-col-50 elementor-top-column elementor-element elementor-element-23ba727\" data-id=\"23ba727\" data-element_type=\"column\" data-e-type=\"column\" data-settings=\"{&quot;background_background&quot;:&quot;classic&quot;}\">\n\t\t\t<div class=\"elementor-widget-wrap elementor-element-populated\">\n\t\t\t\t\t\t<div class=\"elementor-element elementor-element-692d7b9 elementor-invisible elementor-widget elementor-widget-image\" data-id=\"692d7b9\" data-element_type=\"widget\" data-e-type=\"widget\" data-settings=\"{&quot;_animation&quot;:&quot;slideInRight&quot;}\" data-widget_type=\"image.default\">\n\t\t\t\t<div class=\"elementor-widget-container\">\n\t\t\t\t\t\t\t\t\t\t\t\t\t\t\t<img decoding=\"async\" width=\"200\" height=\"200\" src=\"https:\/\/www.go-now.eu\/wp-content\/uploads\/2020\/10\/postnl.png\" class=\"attachment-large size-large wp-image-76932\" alt=\"\" srcset=\"https:\/\/www.go-now.eu\/wp-content\/uploads\/2020\/10\/postnl.png 200w, https:\/\/www.go-now.eu\/wp-content\/uploads\/2020\/10\/postnl-150x150.png 150w, https:\/\/www.go-now.eu\/wp-content\/uploads\/2020\/10\/postnl-100x100.png 100w\" sizes=\"(max-width: 200px) 100vw, 200px\" \/>\t\t\t\t\t\t\t\t\t\t\t\t\t\t\t<\/div>\n\t\t\t\t<\/div>\n\t\t\t\t\t<\/div>\n\t\t<\/div>\n\t\t\t\t\t<\/div>\n\t\t<\/section>\n\t\t\t\t<section class=\"elementor-section elementor-top-section elementor-element elementor-element-ac88c28 elementor-section-full_width elementor-reverse-tablet elementor-reverse-mobile elementor-section-height-default elementor-section-height-default\" data-id=\"ac88c28\" data-element_type=\"section\" data-e-type=\"section\" data-settings=\"{&quot;background_background&quot;:&quot;gradient&quot;,&quot;jet_parallax_layout_list&quot;:[]}\">\n\t\t\t\t\t\t<div class=\"elementor-container elementor-column-gap-default\">\n\t\t\t\t\t<div class=\"elementor-column elementor-col-50 elementor-top-column elementor-element elementor-element-663b2d6\" data-id=\"663b2d6\" data-element_type=\"column\" data-e-type=\"column\" data-settings=\"{&quot;background_background&quot;:&quot;classic&quot;}\">\n\t\t\t<div class=\"elementor-widget-wrap elementor-element-populated\">\n\t\t\t\t\t\t<div class=\"elementor-element elementor-element-6cee71d elementor-invisible elementor-widget elementor-widget-image\" data-id=\"6cee71d\" data-element_type=\"widget\" data-e-type=\"widget\" data-settings=\"{&quot;_animation&quot;:&quot;rotateIn&quot;,&quot;_animation_tablet&quot;:&quot;rotateInUpLeft&quot;}\" data-widget_type=\"image.default\">\n\t\t\t\t<div class=\"elementor-widget-container\">\n\t\t\t\t\t\t\t\t\t\t\t\t\t\t\t<img decoding=\"async\" width=\"128\" height=\"128\" src=\"https:\/\/www.go-now.eu\/wp-content\/uploads\/2020\/10\/RECYCLE.svg\" class=\"attachment-large size-large wp-image-76935\" alt=\"\" \/>\t\t\t\t\t\t\t\t\t\t\t\t\t\t\t<\/div>\n\t\t\t\t<\/div>\n\t\t\t\t\t<\/div>\n\t\t<\/div>\n\t\t\t\t<div class=\"elementor-column elementor-col-50 elementor-top-column elementor-element elementor-element-dc162bc\" data-id=\"dc162bc\" data-element_type=\"column\" data-e-type=\"column\">\n\t\t\t<div class=\"elementor-widget-wrap elementor-element-populated\">\n\t\t\t\t\t\t<div class=\"elementor-element elementor-element-398d497 elementor-widget elementor-widget-heading\" data-id=\"398d497\" data-element_type=\"widget\" data-e-type=\"widget\" data-widget_type=\"heading.default\">\n\t\t\t\t<div class=\"elementor-widget-container\">\n\t\t\t\t\t<h2 class=\"elementor-heading-title elementor-size-default\">Mat\u00e9riaux<\/h2>\t\t\t\t<\/div>\n\t\t\t\t<\/div>\n\t\t\t\t<div class=\"elementor-element elementor-element-4c099f5 elementor-widget elementor-widget-text-editor\" data-id=\"4c099f5\" data-element_type=\"widget\" data-e-type=\"widget\" data-widget_type=\"text-editor.default\">\n\t\t\t\t<div class=\"elementor-widget-container\">\n\t\t\t\t\t\t\t\t\t<div><div><div><div><div><div><p>Vous pouvez conserver nos produits non ouverts pendant un an \u00e0 temp\u00e9rature ambiante. Cela vous permet de passer une commande plus importante.<\/p><p>Nos bouteilles en verre sont 100 % recyclables. De plus, nous exp\u00e9dions nos produits dans des mat\u00e9riaux d&#8217;emballage recyclables.<\/p><\/div><\/div><\/div><\/div><\/div><\/div>\t\t\t\t\t\t\t\t<\/div>\n\t\t\t\t<\/div>\n\t\t\t\t\t<\/div>\n\t\t<\/div>\n\t\t\t\t\t<\/div>\n\t\t<\/section>\n\t\t\t\t<section class=\"elementor-section elementor-top-section elementor-element elementor-element-41063cd elementor-section-boxed elementor-section-height-default elementor-section-height-default\" data-id=\"41063cd\" data-element_type=\"section\" data-e-type=\"section\" data-settings=\"{&quot;background_background&quot;:&quot;classic&quot;,&quot;jet_parallax_layout_list&quot;:[]}\">\n\t\t\t\t\t\t<div class=\"elementor-container elementor-column-gap-default\">\n\t\t\t\t\t<div class=\"elementor-column elementor-col-100 elementor-top-column elementor-element elementor-element-b596ec2\" data-id=\"b596ec2\" data-element_type=\"column\" data-e-type=\"column\">\n\t\t\t<div class=\"elementor-widget-wrap elementor-element-populated\">\n\t\t\t\t\t\t<div class=\"elementor-element elementor-element-cf490d1 elementor-widget elementor-widget-heading\" data-id=\"cf490d1\" data-element_type=\"widget\" data-e-type=\"widget\" data-widget_type=\"heading.default\">\n\t\t\t\t<div class=\"elementor-widget-container\">\n\t\t\t\t\t<h2 class=\"elementor-heading-title elementor-size-default\">Les jus Go Now sont exclusivement compos\u00e9s d'ingr\u00e9dients 100 % biologiques.<\/h2>\t\t\t\t<\/div>\n\t\t\t\t<\/div>\n\t\t\t\t<div class=\"elementor-element elementor-element-f65067d elementor-align-center elementor-widget elementor-widget-button\" data-id=\"f65067d\" data-element_type=\"widget\" data-e-type=\"widget\" data-widget_type=\"button.default\">\n\t\t\t\t<div class=\"elementor-widget-container\">\n\t\t\t\t\t\t\t\t\t<div class=\"elementor-button-wrapper\">\n\t\t\t\t\t<a class=\"elementor-button elementor-button-link elementor-size-sm elementor-animation-grow\" href=\"https:\/\/www.go-now.eu\/fr-be\/boutique\/\">\n\t\t\t\t\t\t<span class=\"elementor-button-content-wrapper\">\n\t\t\t\t\t\t\t\t\t<span class=\"elementor-button-text\">D\u00e9couvrez nos produits<\/span>\n\t\t\t\t\t<\/span>\n\t\t\t\t\t<\/a>\n\t\t\t\t<\/div>\n\t\t\t\t\t\t\t\t<\/div>\n\t\t\t\t<\/div>\n\t\t\t\t\t<\/div>\n\t\t<\/div>\n\t\t\t\t\t<\/div>\n\t\t<\/section>\n\t\t\t\t<\/div>\n\t\t","protected":false},"excerpt":{"rendered":"<p>Nos Engagements Livraison Les frais de livraison sont de 4,95 \u20ac pour les envois vers la Belgique et de 6,95&#8230;<\/p>\n","protected":false},"author":3,"featured_media":0,"parent":0,"menu_order":0,"comment_status":"closed","ping_status":"closed","template":"elementor_header_footer","meta":{"_acf_changed":false,"footnotes":""},"class_list":["post-78886","page","type-page","status-publish","hentry"],"acf":[],"yoast_head":"<!-- This site is optimized with the Yoast SEO plugin v27.2 - https:\/\/yoast.com\/product\/yoast-seo-wordpress\/ -->\n<title>Nos Engagements - Go Now<\/title>\n<meta name=\"description\" content=\"Trouvez ici toutes les informations sur le d\u00e9lai de livraison, les frais de port et les mat\u00e9riaux d&#039;emballage recycl\u00e9s. Laissez-vous\" \/>\n<meta name=\"robots\" content=\"index, follow, max-snippet:-1, max-image-preview:large, max-video-preview:-1\" \/>\n<link rel=\"canonical\" href=\"https:\/\/www.go-now.eu\/fr-be\/nos-engagements\/\" \/>\n<meta property=\"og:locale\" content=\"fr_FR\" \/>\n<meta property=\"og:type\" content=\"article\" \/>\n<meta property=\"og:title\" content=\"Nos Engagements - Go Now\" \/>\n<meta property=\"og:description\" content=\"Trouvez ici toutes les informations sur le d\u00e9lai de livraison, les frais de port et les mat\u00e9riaux d&#039;emballage recycl\u00e9s. Laissez-vous\" \/>\n<meta property=\"og:url\" content=\"https:\/\/www.go-now.eu\/fr-be\/nos-engagements\/\" \/>\n<meta property=\"og:site_name\" content=\"Go Now\" \/>\n<meta property=\"article:publisher\" content=\"https:\/\/www.facebook.com\/GoNowShots\" \/>\n<meta property=\"article:modified_time\" content=\"2025-04-02T08:38:51+00:00\" \/>\n<meta property=\"og:image\" content=\"https:\/\/www.go-now.eu\/wp-content\/uploads\/2020\/10\/postnl.png\" \/>\n\t<meta property=\"og:image:width\" content=\"200\" \/>\n\t<meta property=\"og:image:height\" content=\"200\" \/>\n\t<meta property=\"og:image:type\" content=\"image\/png\" \/>\n<meta name=\"twitter:card\" content=\"summary_large_image\" \/>\n<meta name=\"twitter:site\" content=\"@gonowshots\" \/>\n<meta name=\"twitter:label1\" content=\"Dur\u00e9e de lecture est.\" \/>\n\t<meta name=\"twitter:data1\" content=\"2 minutes\" \/>\n<script type=\"application\/ld+json\" class=\"yoast-schema-graph\">{\"@context\":\"https:\/\/schema.org\",\"@graph\":[{\"@type\":\"WebPage\",\"@id\":\"https:\/\/www.go-now.eu\/fr-be\/nos-engagements\/\",\"url\":\"https:\/\/www.go-now.eu\/fr-be\/nos-engagements\/\",\"name\":\"Nos Engagements - Go Now\",\"isPartOf\":{\"@id\":\"https:\/\/www.go-now.eu\/fr-be\/#website\"},\"primaryImageOfPage\":{\"@id\":\"https:\/\/www.go-now.eu\/fr-be\/nos-engagements\/#primaryimage\"},\"image\":{\"@id\":\"https:\/\/www.go-now.eu\/fr-be\/nos-engagements\/#primaryimage\"},\"thumbnailUrl\":\"https:\/\/www.go-now.eu\/wp-content\/uploads\/2020\/10\/postnl.png\",\"datePublished\":\"2020-10-28T07:56:06+00:00\",\"dateModified\":\"2025-04-02T08:38:51+00:00\",\"description\":\"Trouvez ici toutes les informations sur le d\u00e9lai de livraison, les frais de port et les mat\u00e9riaux d'emballage recycl\u00e9s. Laissez-vous\",\"breadcrumb\":{\"@id\":\"https:\/\/www.go-now.eu\/fr-be\/nos-engagements\/#breadcrumb\"},\"inLanguage\":\"fr-BE\",\"potentialAction\":[{\"@type\":\"ReadAction\",\"target\":[\"https:\/\/www.go-now.eu\/fr-be\/nos-engagements\/\"]}]},{\"@type\":\"ImageObject\",\"inLanguage\":\"fr-BE\",\"@id\":\"https:\/\/www.go-now.eu\/fr-be\/nos-engagements\/#primaryimage\",\"url\":\"https:\/\/www.go-now.eu\/wp-content\/uploads\/2020\/10\/postnl.png\",\"contentUrl\":\"https:\/\/www.go-now.eu\/wp-content\/uploads\/2020\/10\/postnl.png\"},{\"@type\":\"BreadcrumbList\",\"@id\":\"https:\/\/www.go-now.eu\/fr-be\/nos-engagements\/#breadcrumb\",\"itemListElement\":[{\"@type\":\"ListItem\",\"position\":1,\"name\":\"Home\",\"item\":\"https:\/\/www.go-now.eu\/fr-be\/\"},{\"@type\":\"ListItem\",\"position\":2,\"name\":\"Nos Engagements\"}]},{\"@type\":\"WebSite\",\"@id\":\"https:\/\/www.go-now.eu\/fr-be\/#website\",\"url\":\"https:\/\/www.go-now.eu\/fr-be\/\",\"name\":\"Go Now\",\"description\":\"\",\"publisher\":{\"@id\":\"https:\/\/www.go-now.eu\/fr-be\/#organization\"},\"alternateName\":\"Go Now\",\"potentialAction\":[{\"@type\":\"SearchAction\",\"target\":{\"@type\":\"EntryPoint\",\"urlTemplate\":\"https:\/\/www.go-now.eu\/fr-be\/?s={search_term_string}\"},\"query-input\":{\"@type\":\"PropertyValueSpecification\",\"valueRequired\":true,\"valueName\":\"search_term_string\"}}],\"inLanguage\":\"fr-BE\"},{\"@type\":\"Organization\",\"@id\":\"https:\/\/www.go-now.eu\/fr-be\/#organization\",\"name\":\"Go Now\",\"alternateName\":\"Go Now\",\"url\":\"https:\/\/www.go-now.eu\/fr-be\/\",\"logo\":{\"@type\":\"ImageObject\",\"inLanguage\":\"fr-BE\",\"@id\":\"https:\/\/www.go-now.eu\/fr-be\/#\/schema\/logo\/image\/\",\"url\":\"https:\/\/www.go-now.eu\/wp-content\/uploads\/2023\/01\/logo-go-now-full-rgb@2x.png\",\"contentUrl\":\"https:\/\/www.go-now.eu\/wp-content\/uploads\/2023\/01\/logo-go-now-full-rgb@2x.png\",\"width\":313,\"height\":313,\"caption\":\"Go Now\"},\"image\":{\"@id\":\"https:\/\/www.go-now.eu\/fr-be\/#\/schema\/logo\/image\/\"},\"sameAs\":[\"https:\/\/www.facebook.com\/GoNowShots\",\"https:\/\/x.com\/gonowshots\",\"https:\/\/www.instagram.com\/gonowshots\/\",\"https:\/\/pinterest.com\/gonowshots\/\",\"https:\/\/www.linkedin.com\/company\/gonowshots\/\"]}]}<\/script>\n<!-- \/ Yoast SEO plugin. -->","yoast_head_json":{"title":"Nos Engagements - Go Now","description":"Trouvez ici toutes les informations sur le d\u00e9lai de livraison, les frais de port et les mat\u00e9riaux d'emballage recycl\u00e9s. Laissez-vous","robots":{"index":"index","follow":"follow","max-snippet":"max-snippet:-1","max-image-preview":"max-image-preview:large","max-video-preview":"max-video-preview:-1"},"canonical":"https:\/\/www.go-now.eu\/fr-be\/nos-engagements\/","og_locale":"fr_FR","og_type":"article","og_title":"Nos Engagements - Go Now","og_description":"Trouvez ici toutes les informations sur le d\u00e9lai de livraison, les frais de port et les mat\u00e9riaux d'emballage recycl\u00e9s. Laissez-vous","og_url":"https:\/\/www.go-now.eu\/fr-be\/nos-engagements\/","og_site_name":"Go Now","article_publisher":"https:\/\/www.facebook.com\/GoNowShots","article_modified_time":"2025-04-02T08:38:51+00:00","og_image":[{"width":200,"height":200,"url":"https:\/\/www.go-now.eu\/wp-content\/uploads\/2020\/10\/postnl.png","type":"image\/png"}],"twitter_card":"summary_large_image","twitter_site":"@gonowshots","twitter_misc":{"Dur\u00e9e de lecture est.":"2 minutes"},"schema":{"@context":"https:\/\/schema.org","@graph":[{"@type":"WebPage","@id":"https:\/\/www.go-now.eu\/fr-be\/nos-engagements\/","url":"https:\/\/www.go-now.eu\/fr-be\/nos-engagements\/","name":"Nos Engagements - Go Now","isPartOf":{"@id":"https:\/\/www.go-now.eu\/fr-be\/#website"},"primaryImageOfPage":{"@id":"https:\/\/www.go-now.eu\/fr-be\/nos-engagements\/#primaryimage"},"image":{"@id":"https:\/\/www.go-now.eu\/fr-be\/nos-engagements\/#primaryimage"},"thumbnailUrl":"https:\/\/www.go-now.eu\/wp-content\/uploads\/2020\/10\/postnl.png","datePublished":"2020-10-28T07:56:06+00:00","dateModified":"2025-04-02T08:38:51+00:00","description":"Trouvez ici toutes les informations sur le d\u00e9lai de livraison, les frais de port et les mat\u00e9riaux d'emballage recycl\u00e9s. Laissez-vous","breadcrumb":{"@id":"https:\/\/www.go-now.eu\/fr-be\/nos-engagements\/#breadcrumb"},"inLanguage":"fr-BE","potentialAction":[{"@type":"ReadAction","target":["https:\/\/www.go-now.eu\/fr-be\/nos-engagements\/"]}]},{"@type":"ImageObject","inLanguage":"fr-BE","@id":"https:\/\/www.go-now.eu\/fr-be\/nos-engagements\/#primaryimage","url":"https:\/\/www.go-now.eu\/wp-content\/uploads\/2020\/10\/postnl.png","contentUrl":"https:\/\/www.go-now.eu\/wp-content\/uploads\/2020\/10\/postnl.png"},{"@type":"BreadcrumbList","@id":"https:\/\/www.go-now.eu\/fr-be\/nos-engagements\/#breadcrumb","itemListElement":[{"@type":"ListItem","position":1,"name":"Home","item":"https:\/\/www.go-now.eu\/fr-be\/"},{"@type":"ListItem","position":2,"name":"Nos Engagements"}]},{"@type":"WebSite","@id":"https:\/\/www.go-now.eu\/fr-be\/#website","url":"https:\/\/www.go-now.eu\/fr-be\/","name":"Go Now","description":"","publisher":{"@id":"https:\/\/www.go-now.eu\/fr-be\/#organization"},"alternateName":"Go Now","potentialAction":[{"@type":"SearchAction","target":{"@type":"EntryPoint","urlTemplate":"https:\/\/www.go-now.eu\/fr-be\/?s={search_term_string}"},"query-input":{"@type":"PropertyValueSpecification","valueRequired":true,"valueName":"search_term_string"}}],"inLanguage":"fr-BE"},{"@type":"Organization","@id":"https:\/\/www.go-now.eu\/fr-be\/#organization","name":"Go Now","alternateName":"Go Now","url":"https:\/\/www.go-now.eu\/fr-be\/","logo":{"@type":"ImageObject","inLanguage":"fr-BE","@id":"https:\/\/www.go-now.eu\/fr-be\/#\/schema\/logo\/image\/","url":"https:\/\/www.go-now.eu\/wp-content\/uploads\/2023\/01\/logo-go-now-full-rgb@2x.png","contentUrl":"https:\/\/www.go-now.eu\/wp-content\/uploads\/2023\/01\/logo-go-now-full-rgb@2x.png","width":313,"height":313,"caption":"Go Now"},"image":{"@id":"https:\/\/www.go-now.eu\/fr-be\/#\/schema\/logo\/image\/"},"sameAs":["https:\/\/www.facebook.com\/GoNowShots","https:\/\/x.com\/gonowshots","https:\/\/www.instagram.com\/gonowshots\/","https:\/\/pinterest.com\/gonowshots\/","https:\/\/www.linkedin.com\/company\/gonowshots\/"]}]}},"jetpack_sharing_enabled":true,"_links":{"self":[{"href":"https:\/\/www.go-now.eu\/fr-be\/wp-json\/wp\/v2\/pages\/78886","targetHints":{"allow":["GET"]}}],"collection":[{"href":"https:\/\/www.go-now.eu\/fr-be\/wp-json\/wp\/v2\/pages"}],"about":[{"href":"https:\/\/www.go-now.eu\/fr-be\/wp-json\/wp\/v2\/types\/page"}],"author":[{"embeddable":true,"href":"https:\/\/www.go-now.eu\/fr-be\/wp-json\/wp\/v2\/users\/3"}],"replies":[{"embeddable":true,"href":"https:\/\/www.go-now.eu\/fr-be\/wp-json\/wp\/v2\/comments?post=78886"}],"version-history":[{"count":5,"href":"https:\/\/www.go-now.eu\/fr-be\/wp-json\/wp\/v2\/pages\/78886\/revisions"}],"predecessor-version":[{"id":100505,"href":"https:\/\/www.go-now.eu\/fr-be\/wp-json\/wp\/v2\/pages\/78886\/revisions\/100505"}],"wp:attachment":[{"href":"https:\/\/www.go-now.eu\/fr-be\/wp-json\/wp\/v2\/media?parent=78886"}],"curies":[{"name":"wp","href":"https:\/\/api.w.org\/{rel}","templated":true}]}}