{"id":79839,"date":"2020-11-04T13:29:39","date_gmt":"2020-11-04T12:29:39","guid":{"rendered":"https:\/\/www.go-now.eu\/declaration-de-confidentialite\/"},"modified":"2024-09-20T09:54:12","modified_gmt":"2024-09-20T08:54:12","slug":"declaration-de-confidentialite","status":"publish","type":"page","link":"https:\/\/www.go-now.eu\/fr-be\/declaration-de-confidentialite\/","title":{"rendered":"D\u00e9claration de confidentialit\u00e9"},"content":{"rendered":"\t\t<div data-elementor-type=\"wp-page\" data-elementor-id=\"79839\" class=\"elementor elementor-79839 elementor-39966\" data-elementor-post-type=\"page\">\n\t\t\t\t\t\t<section class=\"elementor-section elementor-top-section elementor-element elementor-element-8dbb45a elementor-section-boxed elementor-section-height-default elementor-section-height-default\" data-id=\"8dbb45a\" data-element_type=\"section\" data-e-type=\"section\" data-settings=\"{&quot;background_background&quot;:&quot;classic&quot;,&quot;jet_parallax_layout_list&quot;:[]}\">\n\t\t\t\t\t\t\t<div class=\"elementor-background-overlay\"><\/div>\n\t\t\t\t\t\t\t<div class=\"elementor-container elementor-column-gap-default\">\n\t\t\t\t\t<div class=\"elementor-column elementor-col-100 elementor-top-column elementor-element elementor-element-245dbea\" data-id=\"245dbea\" data-element_type=\"column\" data-e-type=\"column\">\n\t\t\t<div class=\"elementor-widget-wrap elementor-element-populated\">\n\t\t\t\t\t\t<div class=\"elementor-element elementor-element-9344222 elementor-widget elementor-widget-heading\" data-id=\"9344222\" data-element_type=\"widget\" data-e-type=\"widget\" data-widget_type=\"heading.default\">\n\t\t\t\t<div class=\"elementor-widget-container\">\n\t\t\t\t\t<h1 class=\"elementor-heading-title elementor-size-default\">D\u00e9claration de confidentialit\u00e9<\/h1>\t\t\t\t<\/div>\n\t\t\t\t<\/div>\n\t\t\t\t\t<\/div>\n\t\t<\/div>\n\t\t\t\t\t<\/div>\n\t\t<\/section>\n\t\t\t\t<section class=\"elementor-section elementor-top-section elementor-element elementor-element-3359e93 elementor-section-full_width elementor-section-height-default elementor-section-height-default\" data-id=\"3359e93\" data-element_type=\"section\" data-e-type=\"section\" data-settings=\"{&quot;jet_parallax_layout_list&quot;:[]}\">\n\t\t\t\t\t\t<div class=\"elementor-container elementor-column-gap-default\">\n\t\t\t\t\t<div class=\"elementor-column elementor-col-100 elementor-top-column elementor-element elementor-element-ebbcb1e\" data-id=\"ebbcb1e\" data-element_type=\"column\" data-e-type=\"column\">\n\t\t\t<div class=\"elementor-widget-wrap elementor-element-populated\">\n\t\t\t\t\t\t<div class=\"elementor-element elementor-element-eae2e86 elementor-widget elementor-widget-text-editor\" data-id=\"eae2e86\" data-element_type=\"widget\" data-e-type=\"widget\" data-widget_type=\"text-editor.default\">\n\t\t\t\t<div class=\"elementor-widget-container\">\n\t\t\t\t\t\t\t\t\t<h2>D\u00e9claration de confidentialit\u00e9<em>\u00a0<\/em><em>\u00a0\u2013\u00a0<\/em><em>Now Organic International BV.<\/em><\/h2><p><em>Version 0.1<\/em><br \/>Cette page a \u00e9t\u00e9 modifi\u00e9e pour la derni\u00e8re fois le\u00a0<em>04<\/em><em>\u2013<\/em><em>11<\/em><em>-20<\/em><em>20<\/em>.<\/p><p>Nous sommes conscients de la confiance que vous nous accordez. Nous consid\u00e9rons donc qu&rsquo;il est de notre responsabilit\u00e9 de prot\u00e9ger votre vie priv\u00e9e. Sur cette page, nous vous indiquons quelles donn\u00e9es nous collectons lorsque vous utilisez notre site web, pourquoi nous collectons ces donn\u00e9es et comment nous les utilisons pour am\u00e9liorer votre exp\u00e9rience d&rsquo;utilisateur. Vous comprendrez ainsi exactement comment nous travaillons.<\/p><p>Cette politique de confidentialit\u00e9 s&rsquo;applique aux services de Now Organic International BV. Vous devez savoir que Now Organic International BV n&rsquo;est pas responsable des politiques de confidentialit\u00e9 d&rsquo;autres sites et sources. En utilisant ce site web, vous indiquez que vous acceptez la politique de confidentialit\u00e9.<\/p><p>Now Organic International BV respecte la vie priv\u00e9e de tous les utilisateurs de son site et veille \u00e0 ce que les informations personnelles que vous nous fournissez restent confidentielles.<\/p><h3>Notre utilisation des donn\u00e9es collect\u00e9es<\/h3><h6>Utilisation de nos services<\/h6><p>Lorsque vous vous inscrivez \u00e0 l&rsquo;un de nos services, nous vous demandons de fournir des donn\u00e9es personnelles. Ces donn\u00e9es sont utilis\u00e9es pour ex\u00e9cuter le service. Les donn\u00e9es seront stock\u00e9es sur les serveurs s\u00e9curis\u00e9s de Now Organic International BV ou sur ceux d&rsquo;un tiers. Nous ne combinerons pas ces donn\u00e9es avec d&rsquo;autres donn\u00e9es personnelles en notre possession.<\/p><h6>Communications<\/h6><p>Lorsque vous nous envoyez des courriers \u00e9lectroniques ou d&rsquo;autres messages, nous pouvons conserver ces messages. Parfois, nous vous demanderons vos donn\u00e9es personnelles en rapport avec la situation en question. Cela nous permet de traiter vos questions et de r\u00e9pondre \u00e0 vos demandes. Les donn\u00e9es seront stock\u00e9es sur les propres serveurs s\u00e9curis\u00e9s de Now Organic International BV ou sur ceux d&rsquo;un tiers. Nous ne combinerons pas ces donn\u00e9es avec d&rsquo;autres donn\u00e9es personnelles en notre possession.<\/p><h6>Cookies<\/h6><p>Nous collectons des donn\u00e9es \u00e0 des fins de recherche afin de mieux comprendre nos clients et d&rsquo;adapter nos services en cons\u00e9quence.<\/p><p>Ce site web utilise des \u00ab\u00a0cookies\u00a0\u00bb (fichiers texte plac\u00e9s sur votre ordinateur) pour aider le site web \u00e0 analyser l&rsquo;utilisation qu&rsquo;en font les utilisateurs. Les informations g\u00e9n\u00e9r\u00e9es par le cookie concernant votre utilisation du site web peuvent \u00eatre transf\u00e9r\u00e9es vers les serveurs s\u00e9curis\u00e9s de Kwekerij Pieter Kolk B.V. ou ceux d&rsquo;un tiers. Nous utilisons ces informations pour suivre la fa\u00e7on dont vous utilisez le site web, pour compiler des rapports sur l&rsquo;activit\u00e9 du site web et pour fournir d&rsquo;autres services li\u00e9s \u00e0 l&rsquo;activit\u00e9 du site web et \u00e0 l&rsquo;utilisation d&rsquo;Internet.<\/p><h3>Objectifs<\/h3><p>Nous ne collectons ni n&rsquo;utilisons d&rsquo;informations \u00e0 des fins autres que celles d\u00e9crites dans la pr\u00e9sente politique de confidentialit\u00e9, sauf si nous avons obtenu votre consentement pr\u00e9alable.<\/p><h6>Tiers<\/h6><p>Les informations ne sont pas communiqu\u00e9es \u00e0 des tiers. Dans certains cas, les informations peuvent \u00eatre partag\u00e9es en interne. Nos employ\u00e9s sont tenus de respecter la confidentialit\u00e9 de vos donn\u00e9es.<\/p><h6>Changements<\/h6><p>La pr\u00e9sente d\u00e9claration de confidentialit\u00e9 est adapt\u00e9e \u00e0 l&rsquo;utilisation et aux fonctionnalit\u00e9s de ce site. Toute adaptation et\/ou modification de ce site peut entra\u00eener des changements dans la pr\u00e9sente d\u00e9claration de confidentialit\u00e9. Il est donc conseill\u00e9 de consulter r\u00e9guli\u00e8rement cette d\u00e9claration de confidentialit\u00e9.<\/p><h3>Choix des donn\u00e9es personnelles<\/h3><p>Nous offrons \u00e0 tous les visiteurs la possibilit\u00e9 de consulter, de modifier ou de supprimer toute information personnelle qui nous a \u00e9t\u00e9 communiqu\u00e9e.<\/p><h6>Personnaliser\/d\u00e9sabonner le service de newsletter<\/h6><p>Au bas de chaque envoi, vous trouverez la possibilit\u00e9 de modifier vos coordonn\u00e9es ou de vous d\u00e9sabonner.<\/p><h6>Ajuster\/d\u00e9sabonner la communication<\/h6><p>Si vous souhaitez modifier vos donn\u00e9es ou vous faire radier de nos fichiers, veuillez nous contacter. Voir les coordonn\u00e9es ci-dessous.<\/p><h6>D\u00e9sactiver les cookies<\/h6><p>La plupart des navigateurs sont configur\u00e9s pour accepter les cookies par d\u00e9faut, mais vous pouvez r\u00e9initialiser votre navigateur pour qu&rsquo;il refuse tous les cookies ou pour qu&rsquo;il indique quand un cookie est envoy\u00e9. Toutefois, certaines fonctionnalit\u00e9s et certains services \u00ab\u00a0\u00a0\u00bb, sur notre site et sur d&rsquo;autres sites, peuvent ne pas fonctionner correctement si les cookies sont d\u00e9sactiv\u00e9s dans votre navigateur.<\/p><h3>Questions et commentaires<\/h3><p>Nous v\u00e9rifions r\u00e9guli\u00e8rement notre conformit\u00e9 avec cette politique de confidentialit\u00e9. Si vous avez des questions concernant cette politique de confidentialit\u00e9, veuillez nous contacter :<\/p><p>Now Organic International BV<br \/>Zuid-Afrikaweg 14a<br \/>1432 DA Aalsmeer<br \/>Pays-Bas<br \/>+31-643257062<em><br \/><\/em><a href=\"mailto:hans@noworganic.com\">hans@noworganic.com<\/a><\/p>\t\t\t\t\t\t\t\t<\/div>\n\t\t\t\t<\/div>\n\t\t\t\t\t<\/div>\n\t\t<\/div>\n\t\t\t\t\t<\/div>\n\t\t<\/section>\n\t\t\t\t<\/div>\n\t\t","protected":false},"excerpt":{"rendered":"<p>D\u00e9claration de confidentialit\u00e9 D\u00e9claration de confidentialit\u00e9\u00a0\u00a0\u2013\u00a0Now Organic International BV. Version 0.1Cette page a \u00e9t\u00e9 modifi\u00e9e pour la derni\u00e8re fois le\u00a004\u201311-2020&#8230;.<\/p>\n","protected":false},"author":3,"featured_media":0,"parent":0,"menu_order":0,"comment_status":"closed","ping_status":"closed","template":"elementor_header_footer","meta":{"_acf_changed":false,"footnotes":""},"class_list":["post-79839","page","type-page","status-publish","hentry"],"acf":[],"yoast_head":"<!-- This site is optimized with the Yoast SEO plugin v27.2 - https:\/\/yoast.com\/product\/yoast-seo-wordpress\/ -->\n<title>D\u00e9claration de confidentialit\u00e9 - Go Now<\/title>\n<meta name=\"description\" content=\"Lisez ici notre d\u00e9claration de confidentialit\u00e9. D\u00e9couvrez comment nous prot\u00e9geons et respectons vos donn\u00e9es personnelles. Vous trouverez ici\" \/>\n<meta name=\"robots\" content=\"index, follow, max-snippet:-1, max-image-preview:large, max-video-preview:-1\" \/>\n<link rel=\"canonical\" href=\"https:\/\/www.go-now.eu\/fr-be\/declaration-de-confidentialite\/\" \/>\n<meta property=\"og:locale\" content=\"fr_FR\" \/>\n<meta property=\"og:type\" content=\"article\" \/>\n<meta property=\"og:title\" content=\"D\u00e9claration de confidentialit\u00e9 - Go Now\" \/>\n<meta property=\"og:description\" content=\"Lisez ici notre d\u00e9claration de confidentialit\u00e9. D\u00e9couvrez comment nous prot\u00e9geons et respectons vos donn\u00e9es personnelles. Vous trouverez ici\" \/>\n<meta property=\"og:url\" content=\"https:\/\/www.go-now.eu\/fr-be\/declaration-de-confidentialite\/\" \/>\n<meta property=\"og:site_name\" content=\"Go Now\" \/>\n<meta property=\"article:publisher\" content=\"https:\/\/www.facebook.com\/GoNowShots\" \/>\n<meta property=\"article:modified_time\" content=\"2024-09-20T08:54:12+00:00\" \/>\n<meta name=\"twitter:card\" content=\"summary_large_image\" \/>\n<meta name=\"twitter:site\" content=\"@gonowshots\" \/>\n<meta name=\"twitter:label1\" content=\"Dur\u00e9e de lecture est.\" \/>\n\t<meta name=\"twitter:data1\" content=\"4 minutes\" \/>\n<script type=\"application\/ld+json\" class=\"yoast-schema-graph\">{\"@context\":\"https:\/\/schema.org\",\"@graph\":[{\"@type\":\"WebPage\",\"@id\":\"https:\/\/www.go-now.eu\/fr-be\/declaration-de-confidentialite\/\",\"url\":\"https:\/\/www.go-now.eu\/fr-be\/declaration-de-confidentialite\/\",\"name\":\"D\u00e9claration de confidentialit\u00e9 - Go Now\",\"isPartOf\":{\"@id\":\"https:\/\/www.go-now.eu\/fr-be\/#website\"},\"datePublished\":\"2020-11-04T12:29:39+00:00\",\"dateModified\":\"2024-09-20T08:54:12+00:00\",\"description\":\"Lisez ici notre d\u00e9claration de confidentialit\u00e9. D\u00e9couvrez comment nous prot\u00e9geons et respectons vos donn\u00e9es personnelles. Vous trouverez ici\",\"breadcrumb\":{\"@id\":\"https:\/\/www.go-now.eu\/fr-be\/declaration-de-confidentialite\/#breadcrumb\"},\"inLanguage\":\"fr-BE\",\"potentialAction\":[{\"@type\":\"ReadAction\",\"target\":[\"https:\/\/www.go-now.eu\/fr-be\/declaration-de-confidentialite\/\"]}]},{\"@type\":\"BreadcrumbList\",\"@id\":\"https:\/\/www.go-now.eu\/fr-be\/declaration-de-confidentialite\/#breadcrumb\",\"itemListElement\":[{\"@type\":\"ListItem\",\"position\":1,\"name\":\"Home\",\"item\":\"https:\/\/www.go-now.eu\/fr-be\/\"},{\"@type\":\"ListItem\",\"position\":2,\"name\":\"D\u00e9claration de confidentialit\u00e9\"}]},{\"@type\":\"WebSite\",\"@id\":\"https:\/\/www.go-now.eu\/fr-be\/#website\",\"url\":\"https:\/\/www.go-now.eu\/fr-be\/\",\"name\":\"Go Now\",\"description\":\"\",\"publisher\":{\"@id\":\"https:\/\/www.go-now.eu\/fr-be\/#organization\"},\"alternateName\":\"Go Now\",\"potentialAction\":[{\"@type\":\"SearchAction\",\"target\":{\"@type\":\"EntryPoint\",\"urlTemplate\":\"https:\/\/www.go-now.eu\/fr-be\/?s={search_term_string}\"},\"query-input\":{\"@type\":\"PropertyValueSpecification\",\"valueRequired\":true,\"valueName\":\"search_term_string\"}}],\"inLanguage\":\"fr-BE\"},{\"@type\":\"Organization\",\"@id\":\"https:\/\/www.go-now.eu\/fr-be\/#organization\",\"name\":\"Go Now\",\"alternateName\":\"Go Now\",\"url\":\"https:\/\/www.go-now.eu\/fr-be\/\",\"logo\":{\"@type\":\"ImageObject\",\"inLanguage\":\"fr-BE\",\"@id\":\"https:\/\/www.go-now.eu\/fr-be\/#\/schema\/logo\/image\/\",\"url\":\"https:\/\/www.go-now.eu\/wp-content\/uploads\/2023\/01\/logo-go-now-full-rgb@2x.png\",\"contentUrl\":\"https:\/\/www.go-now.eu\/wp-content\/uploads\/2023\/01\/logo-go-now-full-rgb@2x.png\",\"width\":313,\"height\":313,\"caption\":\"Go Now\"},\"image\":{\"@id\":\"https:\/\/www.go-now.eu\/fr-be\/#\/schema\/logo\/image\/\"},\"sameAs\":[\"https:\/\/www.facebook.com\/GoNowShots\",\"https:\/\/x.com\/gonowshots\",\"https:\/\/www.instagram.com\/gonowshots\/\",\"https:\/\/pinterest.com\/gonowshots\/\",\"https:\/\/www.linkedin.com\/company\/gonowshots\/\"]}]}<\/script>\n<!-- \/ Yoast SEO plugin. -->","yoast_head_json":{"title":"D\u00e9claration de confidentialit\u00e9 - Go Now","description":"Lisez ici notre d\u00e9claration de confidentialit\u00e9. D\u00e9couvrez comment nous prot\u00e9geons et respectons vos donn\u00e9es personnelles. Vous trouverez ici","robots":{"index":"index","follow":"follow","max-snippet":"max-snippet:-1","max-image-preview":"max-image-preview:large","max-video-preview":"max-video-preview:-1"},"canonical":"https:\/\/www.go-now.eu\/fr-be\/declaration-de-confidentialite\/","og_locale":"fr_FR","og_type":"article","og_title":"D\u00e9claration de confidentialit\u00e9 - Go Now","og_description":"Lisez ici notre d\u00e9claration de confidentialit\u00e9. D\u00e9couvrez comment nous prot\u00e9geons et respectons vos donn\u00e9es personnelles. Vous trouverez ici","og_url":"https:\/\/www.go-now.eu\/fr-be\/declaration-de-confidentialite\/","og_site_name":"Go Now","article_publisher":"https:\/\/www.facebook.com\/GoNowShots","article_modified_time":"2024-09-20T08:54:12+00:00","twitter_card":"summary_large_image","twitter_site":"@gonowshots","twitter_misc":{"Dur\u00e9e de lecture est.":"4 minutes"},"schema":{"@context":"https:\/\/schema.org","@graph":[{"@type":"WebPage","@id":"https:\/\/www.go-now.eu\/fr-be\/declaration-de-confidentialite\/","url":"https:\/\/www.go-now.eu\/fr-be\/declaration-de-confidentialite\/","name":"D\u00e9claration de confidentialit\u00e9 - Go Now","isPartOf":{"@id":"https:\/\/www.go-now.eu\/fr-be\/#website"},"datePublished":"2020-11-04T12:29:39+00:00","dateModified":"2024-09-20T08:54:12+00:00","description":"Lisez ici notre d\u00e9claration de confidentialit\u00e9. D\u00e9couvrez comment nous prot\u00e9geons et respectons vos donn\u00e9es personnelles. Vous trouverez ici","breadcrumb":{"@id":"https:\/\/www.go-now.eu\/fr-be\/declaration-de-confidentialite\/#breadcrumb"},"inLanguage":"fr-BE","potentialAction":[{"@type":"ReadAction","target":["https:\/\/www.go-now.eu\/fr-be\/declaration-de-confidentialite\/"]}]},{"@type":"BreadcrumbList","@id":"https:\/\/www.go-now.eu\/fr-be\/declaration-de-confidentialite\/#breadcrumb","itemListElement":[{"@type":"ListItem","position":1,"name":"Home","item":"https:\/\/www.go-now.eu\/fr-be\/"},{"@type":"ListItem","position":2,"name":"D\u00e9claration de confidentialit\u00e9"}]},{"@type":"WebSite","@id":"https:\/\/www.go-now.eu\/fr-be\/#website","url":"https:\/\/www.go-now.eu\/fr-be\/","name":"Go Now","description":"","publisher":{"@id":"https:\/\/www.go-now.eu\/fr-be\/#organization"},"alternateName":"Go Now","potentialAction":[{"@type":"SearchAction","target":{"@type":"EntryPoint","urlTemplate":"https:\/\/www.go-now.eu\/fr-be\/?s={search_term_string}"},"query-input":{"@type":"PropertyValueSpecification","valueRequired":true,"valueName":"search_term_string"}}],"inLanguage":"fr-BE"},{"@type":"Organization","@id":"https:\/\/www.go-now.eu\/fr-be\/#organization","name":"Go Now","alternateName":"Go Now","url":"https:\/\/www.go-now.eu\/fr-be\/","logo":{"@type":"ImageObject","inLanguage":"fr-BE","@id":"https:\/\/www.go-now.eu\/fr-be\/#\/schema\/logo\/image\/","url":"https:\/\/www.go-now.eu\/wp-content\/uploads\/2023\/01\/logo-go-now-full-rgb@2x.png","contentUrl":"https:\/\/www.go-now.eu\/wp-content\/uploads\/2023\/01\/logo-go-now-full-rgb@2x.png","width":313,"height":313,"caption":"Go Now"},"image":{"@id":"https:\/\/www.go-now.eu\/fr-be\/#\/schema\/logo\/image\/"},"sameAs":["https:\/\/www.facebook.com\/GoNowShots","https:\/\/x.com\/gonowshots","https:\/\/www.instagram.com\/gonowshots\/","https:\/\/pinterest.com\/gonowshots\/","https:\/\/www.linkedin.com\/company\/gonowshots\/"]}]}},"jetpack_sharing_enabled":true,"_links":{"self":[{"href":"https:\/\/www.go-now.eu\/fr-be\/wp-json\/wp\/v2\/pages\/79839","targetHints":{"allow":["GET"]}}],"collection":[{"href":"https:\/\/www.go-now.eu\/fr-be\/wp-json\/wp\/v2\/pages"}],"about":[{"href":"https:\/\/www.go-now.eu\/fr-be\/wp-json\/wp\/v2\/types\/page"}],"author":[{"embeddable":true,"href":"https:\/\/www.go-now.eu\/fr-be\/wp-json\/wp\/v2\/users\/3"}],"replies":[{"embeddable":true,"href":"https:\/\/www.go-now.eu\/fr-be\/wp-json\/wp\/v2\/comments?post=79839"}],"version-history":[{"count":1,"href":"https:\/\/www.go-now.eu\/fr-be\/wp-json\/wp\/v2\/pages\/79839\/revisions"}],"predecessor-version":[{"id":89404,"href":"https:\/\/www.go-now.eu\/fr-be\/wp-json\/wp\/v2\/pages\/79839\/revisions\/89404"}],"wp:attachment":[{"href":"https:\/\/www.go-now.eu\/fr-be\/wp-json\/wp\/v2\/media?parent=79839"}],"curies":[{"name":"wp","href":"https:\/\/api.w.org\/{rel}","templated":true}]}}