{"id":99740,"date":"2025-03-18T15:27:51","date_gmt":"2025-03-18T14:27:51","guid":{"rendered":"https:\/\/www.go-now.eu\/product\/go-now-draagtas\/"},"modified":"2025-03-18T16:11:49","modified_gmt":"2025-03-18T15:11:49","slug":"go-now-sac-tote","status":"publish","type":"product","link":"https:\/\/www.go-now.eu\/fr-be\/produit\/go-now-sac-tote\/","title":{"rendered":"Go Now Sac Tote"},"content":{"rendered":"","protected":false},"excerpt":{"rendered":"<p data-start=\"200\" data-end=\"399\">Un sac solide, styl\u00e9 et r\u00e9utilisable pour tous vos essentiels du quotidien. Le <strong data-start=\"279\" data-end=\"298\">Go Now Sac Tote<\/strong> est con\u00e7u en <strong data-start=\"312\" data-end=\"338\">coton de haute qualit\u00e9<\/strong> et constitue une alternative id\u00e9ale aux sacs en plastique.<\/p>\n<ul>\n<li data-start=\"401\" data-end=\"627\"><strong data-start=\"403\" data-end=\"414\">Durable<\/strong> : Fabriqu\u00e9 en coton r\u00e9sistant et r\u00e9utilisable.<\/li>\n<li data-start=\"401\" data-end=\"627\"><strong data-start=\"466\" data-end=\"477\">\u00c9l\u00e9gant<\/strong> : Design minimaliste avec le logo <strong data-start=\"512\" data-end=\"522\" data-is-only-node=\"\">Go Now<\/strong>.<\/li>\n<li data-start=\"401\" data-end=\"627\"><strong data-start=\"528\" data-end=\"540\">Pratique<\/strong> : Id\u00e9al pour les courses, les v\u00eatements de sport ou vos indispensables du quotidien.<\/li>\n<\/ul>\n","protected":false},"featured_media":99730,"template":"","meta":{"_acf_changed":false},"product_brand":[],"product_cat":[200],"product_tag":[],"class_list":{"0":"post-99740","1":"product","2":"type-product","3":"status-publish","4":"has-post-thumbnail","6":"product_cat-accessoires-fr-be","7":"tm-no-options","9":"first","10":"instock","11":"taxable","12":"shipping-taxable","13":"purchasable","14":"product-type-simple"},"acf":[],"yoast_head":"<!-- This site is optimized with the Yoast SEO plugin v27.4 - https:\/\/yoast.com\/product\/yoast-seo-wordpress\/ -->\n<title>Go Now Sac Tote - Go Now<\/title>\n<meta name=\"description\" content=\"Sac en coton Go Now robuste et \u00e9l\u00e9gant. Fabriqu\u00e9 \u00e0 100% en coton, r\u00e9utilisable et parfait pour les courses ou un usage quotidien. Commandez maintenant !\" \/>\n<meta name=\"robots\" content=\"index, follow, max-snippet:-1, max-image-preview:large, max-video-preview:-1\" \/>\n<link rel=\"canonical\" href=\"https:\/\/www.go-now.eu\/fr-be\/produit\/go-now-sac-tote\/\" \/>\n<meta property=\"og:locale\" content=\"fr_FR\" \/>\n<meta property=\"og:type\" content=\"article\" \/>\n<meta property=\"og:title\" content=\"Go Now Sac Tote - Go Now\" \/>\n<meta property=\"og:description\" content=\"Sac en coton Go Now robuste et \u00e9l\u00e9gant. Fabriqu\u00e9 \u00e0 100% en coton, r\u00e9utilisable et parfait pour les courses ou un usage quotidien. Commandez maintenant !\" \/>\n<meta property=\"og:url\" content=\"https:\/\/www.go-now.eu\/fr-be\/produit\/go-now-sac-tote\/\" \/>\n<meta property=\"og:site_name\" content=\"Go Now\" \/>\n<meta property=\"article:publisher\" content=\"https:\/\/www.facebook.com\/GoNowShots\" \/>\n<meta property=\"article:modified_time\" content=\"2025-03-18T15:11:49+00:00\" \/>\n<meta property=\"og:image\" content=\"https:\/\/www.go-now.eu\/wp-content\/uploads\/2025\/03\/GoNow-13-03-2025-Instagram-Feed-1x1-4.jpg\" \/>\n\t<meta property=\"og:image:width\" content=\"1080\" \/>\n\t<meta property=\"og:image:height\" content=\"1080\" \/>\n\t<meta property=\"og:image:type\" content=\"image\/jpeg\" \/>\n<meta name=\"twitter:card\" content=\"summary_large_image\" \/>\n<meta name=\"twitter:site\" content=\"@gonowshots\" \/>\n<meta name=\"twitter:label1\" content=\"Dur\u00e9e de lecture est.\" \/>\n\t<meta name=\"twitter:data1\" content=\"1 minute\" \/>\n<script type=\"application\/ld+json\" class=\"yoast-schema-graph\">{\"@context\":\"https:\\\/\\\/schema.org\",\"@graph\":[{\"@type\":\"WebPage\",\"@id\":\"https:\\\/\\\/www.go-now.eu\\\/fr-be\\\/produit\\\/go-now-sac-tote\\\/\",\"url\":\"https:\\\/\\\/www.go-now.eu\\\/fr-be\\\/produit\\\/go-now-sac-tote\\\/\",\"name\":\"Go Now Sac Tote - Go Now\",\"isPartOf\":{\"@id\":\"https:\\\/\\\/www.go-now.eu\\\/fr-be\\\/#website\"},\"primaryImageOfPage\":{\"@id\":\"https:\\\/\\\/www.go-now.eu\\\/fr-be\\\/produit\\\/go-now-sac-tote\\\/#primaryimage\"},\"image\":{\"@id\":\"https:\\\/\\\/www.go-now.eu\\\/fr-be\\\/produit\\\/go-now-sac-tote\\\/#primaryimage\"},\"thumbnailUrl\":\"https:\\\/\\\/www.go-now.eu\\\/wp-content\\\/uploads\\\/2025\\\/03\\\/GoNow-13-03-2025-Instagram-Feed-1x1-4.jpg\",\"datePublished\":\"2025-03-18T14:27:51+00:00\",\"dateModified\":\"2025-03-18T15:11:49+00:00\",\"description\":\"Sac en coton Go Now robuste et \u00e9l\u00e9gant. Fabriqu\u00e9 \u00e0 100% en coton, r\u00e9utilisable et parfait pour les courses ou un usage quotidien. Commandez maintenant !\",\"breadcrumb\":{\"@id\":\"https:\\\/\\\/www.go-now.eu\\\/fr-be\\\/produit\\\/go-now-sac-tote\\\/#breadcrumb\"},\"inLanguage\":\"fr-BE\",\"potentialAction\":[{\"@type\":\"ReadAction\",\"target\":[\"https:\\\/\\\/www.go-now.eu\\\/fr-be\\\/produit\\\/go-now-sac-tote\\\/\"]}]},{\"@type\":\"ImageObject\",\"inLanguage\":\"fr-BE\",\"@id\":\"https:\\\/\\\/www.go-now.eu\\\/fr-be\\\/produit\\\/go-now-sac-tote\\\/#primaryimage\",\"url\":\"https:\\\/\\\/www.go-now.eu\\\/wp-content\\\/uploads\\\/2025\\\/03\\\/GoNow-13-03-2025-Instagram-Feed-1x1-4.jpg\",\"contentUrl\":\"https:\\\/\\\/www.go-now.eu\\\/wp-content\\\/uploads\\\/2025\\\/03\\\/GoNow-13-03-2025-Instagram-Feed-1x1-4.jpg\",\"width\":1080,\"height\":1080,\"caption\":\"go now draagtas\"},{\"@type\":\"BreadcrumbList\",\"@id\":\"https:\\\/\\\/www.go-now.eu\\\/fr-be\\\/produit\\\/go-now-sac-tote\\\/#breadcrumb\",\"itemListElement\":[{\"@type\":\"ListItem\",\"position\":1,\"name\":\"Home\",\"item\":\"https:\\\/\\\/www.go-now.eu\\\/fr-be\\\/\"},{\"@type\":\"ListItem\",\"position\":2,\"name\":\"Boutique\",\"item\":\"https:\\\/\\\/www.go-now.eu\\\/fr-be\\\/boutique\\\/\"},{\"@type\":\"ListItem\",\"position\":3,\"name\":\"Go Now Sac Tote\"}]},{\"@type\":\"WebSite\",\"@id\":\"https:\\\/\\\/www.go-now.eu\\\/fr-be\\\/#website\",\"url\":\"https:\\\/\\\/www.go-now.eu\\\/fr-be\\\/\",\"name\":\"Go Now\",\"description\":\"\",\"publisher\":{\"@id\":\"https:\\\/\\\/www.go-now.eu\\\/fr-be\\\/#organization\"},\"alternateName\":\"Go Now\",\"potentialAction\":[{\"@type\":\"SearchAction\",\"target\":{\"@type\":\"EntryPoint\",\"urlTemplate\":\"https:\\\/\\\/www.go-now.eu\\\/fr-be\\\/?s={search_term_string}\"},\"query-input\":{\"@type\":\"PropertyValueSpecification\",\"valueRequired\":true,\"valueName\":\"search_term_string\"}}],\"inLanguage\":\"fr-BE\"},{\"@type\":\"Organization\",\"@id\":\"https:\\\/\\\/www.go-now.eu\\\/fr-be\\\/#organization\",\"name\":\"Go Now\",\"alternateName\":\"Go Now\",\"url\":\"https:\\\/\\\/www.go-now.eu\\\/fr-be\\\/\",\"logo\":{\"@type\":\"ImageObject\",\"inLanguage\":\"fr-BE\",\"@id\":\"https:\\\/\\\/www.go-now.eu\\\/fr-be\\\/#\\\/schema\\\/logo\\\/image\\\/\",\"url\":\"https:\\\/\\\/www.go-now.eu\\\/wp-content\\\/uploads\\\/2023\\\/01\\\/logo-go-now-full-rgb@2x.png\",\"contentUrl\":\"https:\\\/\\\/www.go-now.eu\\\/wp-content\\\/uploads\\\/2023\\\/01\\\/logo-go-now-full-rgb@2x.png\",\"width\":313,\"height\":313,\"caption\":\"Go Now\"},\"image\":{\"@id\":\"https:\\\/\\\/www.go-now.eu\\\/fr-be\\\/#\\\/schema\\\/logo\\\/image\\\/\"},\"sameAs\":[\"https:\\\/\\\/www.facebook.com\\\/GoNowShots\",\"https:\\\/\\\/x.com\\\/gonowshots\",\"https:\\\/\\\/www.instagram.com\\\/gonowshots\\\/\",\"https:\\\/\\\/pinterest.com\\\/gonowshots\\\/\",\"https:\\\/\\\/www.linkedin.com\\\/company\\\/gonowshots\\\/\"]}]}<\/script>\n<!-- \/ Yoast SEO plugin. -->","yoast_head_json":{"title":"Go Now Sac Tote - Go Now","description":"Sac en coton Go Now robuste et \u00e9l\u00e9gant. Fabriqu\u00e9 \u00e0 100% en coton, r\u00e9utilisable et parfait pour les courses ou un usage quotidien. Commandez maintenant !","robots":{"index":"index","follow":"follow","max-snippet":"max-snippet:-1","max-image-preview":"max-image-preview:large","max-video-preview":"max-video-preview:-1"},"canonical":"https:\/\/www.go-now.eu\/fr-be\/produit\/go-now-sac-tote\/","og_locale":"fr_FR","og_type":"article","og_title":"Go Now Sac Tote - Go Now","og_description":"Sac en coton Go Now robuste et \u00e9l\u00e9gant. Fabriqu\u00e9 \u00e0 100% en coton, r\u00e9utilisable et parfait pour les courses ou un usage quotidien. Commandez maintenant !","og_url":"https:\/\/www.go-now.eu\/fr-be\/produit\/go-now-sac-tote\/","og_site_name":"Go Now","article_publisher":"https:\/\/www.facebook.com\/GoNowShots","article_modified_time":"2025-03-18T15:11:49+00:00","og_image":[{"width":1080,"height":1080,"url":"https:\/\/www.go-now.eu\/wp-content\/uploads\/2025\/03\/GoNow-13-03-2025-Instagram-Feed-1x1-4.jpg","type":"image\/jpeg"}],"twitter_card":"summary_large_image","twitter_site":"@gonowshots","twitter_misc":{"Dur\u00e9e de lecture est.":"1 minute"},"schema":{"@context":"https:\/\/schema.org","@graph":[{"@type":"WebPage","@id":"https:\/\/www.go-now.eu\/fr-be\/produit\/go-now-sac-tote\/","url":"https:\/\/www.go-now.eu\/fr-be\/produit\/go-now-sac-tote\/","name":"Go Now Sac Tote - Go Now","isPartOf":{"@id":"https:\/\/www.go-now.eu\/fr-be\/#website"},"primaryImageOfPage":{"@id":"https:\/\/www.go-now.eu\/fr-be\/produit\/go-now-sac-tote\/#primaryimage"},"image":{"@id":"https:\/\/www.go-now.eu\/fr-be\/produit\/go-now-sac-tote\/#primaryimage"},"thumbnailUrl":"https:\/\/www.go-now.eu\/wp-content\/uploads\/2025\/03\/GoNow-13-03-2025-Instagram-Feed-1x1-4.jpg","datePublished":"2025-03-18T14:27:51+00:00","dateModified":"2025-03-18T15:11:49+00:00","description":"Sac en coton Go Now robuste et \u00e9l\u00e9gant. Fabriqu\u00e9 \u00e0 100% en coton, r\u00e9utilisable et parfait pour les courses ou un usage quotidien. Commandez maintenant !","breadcrumb":{"@id":"https:\/\/www.go-now.eu\/fr-be\/produit\/go-now-sac-tote\/#breadcrumb"},"inLanguage":"fr-BE","potentialAction":[{"@type":"ReadAction","target":["https:\/\/www.go-now.eu\/fr-be\/produit\/go-now-sac-tote\/"]}]},{"@type":"ImageObject","inLanguage":"fr-BE","@id":"https:\/\/www.go-now.eu\/fr-be\/produit\/go-now-sac-tote\/#primaryimage","url":"https:\/\/www.go-now.eu\/wp-content\/uploads\/2025\/03\/GoNow-13-03-2025-Instagram-Feed-1x1-4.jpg","contentUrl":"https:\/\/www.go-now.eu\/wp-content\/uploads\/2025\/03\/GoNow-13-03-2025-Instagram-Feed-1x1-4.jpg","width":1080,"height":1080,"caption":"go now draagtas"},{"@type":"BreadcrumbList","@id":"https:\/\/www.go-now.eu\/fr-be\/produit\/go-now-sac-tote\/#breadcrumb","itemListElement":[{"@type":"ListItem","position":1,"name":"Home","item":"https:\/\/www.go-now.eu\/fr-be\/"},{"@type":"ListItem","position":2,"name":"Boutique","item":"https:\/\/www.go-now.eu\/fr-be\/boutique\/"},{"@type":"ListItem","position":3,"name":"Go Now Sac Tote"}]},{"@type":"WebSite","@id":"https:\/\/www.go-now.eu\/fr-be\/#website","url":"https:\/\/www.go-now.eu\/fr-be\/","name":"Go Now","description":"","publisher":{"@id":"https:\/\/www.go-now.eu\/fr-be\/#organization"},"alternateName":"Go Now","potentialAction":[{"@type":"SearchAction","target":{"@type":"EntryPoint","urlTemplate":"https:\/\/www.go-now.eu\/fr-be\/?s={search_term_string}"},"query-input":{"@type":"PropertyValueSpecification","valueRequired":true,"valueName":"search_term_string"}}],"inLanguage":"fr-BE"},{"@type":"Organization","@id":"https:\/\/www.go-now.eu\/fr-be\/#organization","name":"Go Now","alternateName":"Go Now","url":"https:\/\/www.go-now.eu\/fr-be\/","logo":{"@type":"ImageObject","inLanguage":"fr-BE","@id":"https:\/\/www.go-now.eu\/fr-be\/#\/schema\/logo\/image\/","url":"https:\/\/www.go-now.eu\/wp-content\/uploads\/2023\/01\/logo-go-now-full-rgb@2x.png","contentUrl":"https:\/\/www.go-now.eu\/wp-content\/uploads\/2023\/01\/logo-go-now-full-rgb@2x.png","width":313,"height":313,"caption":"Go Now"},"image":{"@id":"https:\/\/www.go-now.eu\/fr-be\/#\/schema\/logo\/image\/"},"sameAs":["https:\/\/www.facebook.com\/GoNowShots","https:\/\/x.com\/gonowshots","https:\/\/www.instagram.com\/gonowshots\/","https:\/\/pinterest.com\/gonowshots\/","https:\/\/www.linkedin.com\/company\/gonowshots\/"]}]}},"jetpack_sharing_enabled":true,"_links":{"self":[{"href":"https:\/\/www.go-now.eu\/fr-be\/wp-json\/wp\/v2\/product\/99740","targetHints":{"allow":["GET"]}}],"collection":[{"href":"https:\/\/www.go-now.eu\/fr-be\/wp-json\/wp\/v2\/product"}],"about":[{"href":"https:\/\/www.go-now.eu\/fr-be\/wp-json\/wp\/v2\/types\/product"}],"wp:featuredmedia":[{"embeddable":true,"href":"https:\/\/www.go-now.eu\/fr-be\/wp-json\/wp\/v2\/media\/99730"}],"wp:attachment":[{"href":"https:\/\/www.go-now.eu\/fr-be\/wp-json\/wp\/v2\/media?parent=99740"}],"wp:term":[{"taxonomy":"product_brand","embeddable":true,"href":"https:\/\/www.go-now.eu\/fr-be\/wp-json\/wp\/v2\/product_brand?post=99740"},{"taxonomy":"product_cat","embeddable":true,"href":"https:\/\/www.go-now.eu\/fr-be\/wp-json\/wp\/v2\/product_cat?post=99740"},{"taxonomy":"product_tag","embeddable":true,"href":"https:\/\/www.go-now.eu\/fr-be\/wp-json\/wp\/v2\/product_tag?post=99740"}],"curies":[{"name":"wp","href":"https:\/\/api.w.org\/{rel}","templated":true}]}}