{"id":123043,"date":"2026-03-04T20:23:41","date_gmt":"2026-03-04T19:23:41","guid":{"rendered":"https:\/\/www.go-now.eu\/?post_type=product&#038;p=123043"},"modified":"2026-03-04T20:40:50","modified_gmt":"2026-03-04T19:40:50","slug":"jus-de-curcuma-200ml-12-pack","status":"publish","type":"product","link":"https:\/\/www.go-now.eu\/fr\/produit\/jus-de-curcuma-200ml-12-pack\/","title":{"rendered":"12x Jus de Curcuma 200ml"},"content":{"rendered":"","protected":false},"excerpt":{"rendered":"<p>Ressentez la puissance r\u00e9chauffante de notre <strong>jus de curcuma 100 % biologique<\/strong>. Id\u00e9al \u00e0 m\u00e9langer avec du <strong>th\u00e9, des smoothies, de l&rsquo;eau p\u00e9tillante, des plats,<\/strong> et plus encore ! Sans aucun ajout, comme l&rsquo;eau ou le sucre. Une seule bouteille vous permet de pr\u00e9parer environ <strong>20 boissons saines.<\/strong><\/p>\n","protected":false},"featured_media":78257,"template":"","meta":{"_acf_changed":false},"product_brand":[],"product_cat":[201,147],"product_tag":[],"class_list":{"0":"post-123043","1":"product","2":"type-product","3":"status-publish","4":"has-post-thumbnail","6":"product_cat-action-fr","7":"product_cat-ready-to-mix-fr","8":"tm-no-options","10":"first","11":"instock","12":"sale","13":"taxable","14":"shipping-taxable","15":"purchasable","16":"product-type-simple"},"acf":[],"yoast_head":"<!-- This site is optimized with the Yoast SEO plugin v27.4 - https:\/\/yoast.com\/product\/yoast-seo-wordpress\/ -->\n<title>12x Jus de Curcuma 200ml - Go Now | 100 % Biologique<\/title>\n<meta name=\"description\" content=\"Notre jus de curcuma biologique se m\u00e9lange facilement pour des boissons ou shots de curcuma ! Commandez vite et d\u00e9couvrez !\" \/>\n<meta name=\"robots\" content=\"index, follow, max-snippet:-1, max-image-preview:large, max-video-preview:-1\" \/>\n<link rel=\"canonical\" href=\"https:\/\/www.go-now.eu\/fr\/produit\/jus-de-curcuma-200ml-12-pack\/\" \/>\n<meta property=\"og:locale\" content=\"fr_FR\" \/>\n<meta property=\"og:type\" content=\"article\" \/>\n<meta property=\"og:title\" content=\"12x Jus de Curcuma 200ml - Go Now | 100 % Biologique\" \/>\n<meta property=\"og:description\" content=\"Notre jus de curcuma biologique se m\u00e9lange facilement pour des boissons ou shots de curcuma ! Commandez vite et d\u00e9couvrez !\" \/>\n<meta property=\"og:url\" content=\"https:\/\/www.go-now.eu\/fr\/produit\/jus-de-curcuma-200ml-12-pack\/\" \/>\n<meta property=\"og:site_name\" content=\"Go Now\" \/>\n<meta property=\"article:publisher\" content=\"https:\/\/www.facebook.com\/GoNowShots\" \/>\n<meta property=\"article:modified_time\" content=\"2026-03-04T19:40:50+00:00\" \/>\n<meta property=\"og:image\" content=\"https:\/\/www.go-now.eu\/wp-content\/uploads\/2023\/07\/2.jpg\" \/>\n\t<meta property=\"og:image:width\" content=\"1080\" \/>\n\t<meta property=\"og:image:height\" content=\"1080\" \/>\n\t<meta property=\"og:image:type\" content=\"image\/jpeg\" \/>\n<meta name=\"twitter:card\" content=\"summary_large_image\" \/>\n<meta name=\"twitter:site\" content=\"@gonowshots\" \/>\n<meta name=\"twitter:label1\" content=\"Dur\u00e9e de lecture estim\u00e9e\" \/>\n\t<meta name=\"twitter:data1\" content=\"1 minute\" \/>\n<script type=\"application\/ld+json\" class=\"yoast-schema-graph\">{\"@context\":\"https:\\\/\\\/schema.org\",\"@graph\":[{\"@type\":\"WebPage\",\"@id\":\"https:\\\/\\\/www.go-now.eu\\\/fr\\\/produit\\\/jus-de-curcuma-200ml-12-pack\\\/\",\"url\":\"https:\\\/\\\/www.go-now.eu\\\/fr\\\/produit\\\/jus-de-curcuma-200ml-12-pack\\\/\",\"name\":\"12x Jus de Curcuma 200ml - Go Now | 100 % Biologique\",\"isPartOf\":{\"@id\":\"https:\\\/\\\/www.go-now.eu\\\/fr\\\/#website\"},\"primaryImageOfPage\":{\"@id\":\"https:\\\/\\\/www.go-now.eu\\\/fr\\\/produit\\\/jus-de-curcuma-200ml-12-pack\\\/#primaryimage\"},\"image\":{\"@id\":\"https:\\\/\\\/www.go-now.eu\\\/fr\\\/produit\\\/jus-de-curcuma-200ml-12-pack\\\/#primaryimage\"},\"thumbnailUrl\":\"https:\\\/\\\/www.go-now.eu\\\/wp-content\\\/uploads\\\/2023\\\/07\\\/2.jpg\",\"datePublished\":\"2026-03-04T19:23:41+00:00\",\"dateModified\":\"2026-03-04T19:40:50+00:00\",\"description\":\"Notre jus de curcuma biologique se m\u00e9lange facilement pour des boissons ou shots de curcuma ! Commandez vite et d\u00e9couvrez !\",\"breadcrumb\":{\"@id\":\"https:\\\/\\\/www.go-now.eu\\\/fr\\\/produit\\\/jus-de-curcuma-200ml-12-pack\\\/#breadcrumb\"},\"inLanguage\":\"fr-FR\",\"potentialAction\":[{\"@type\":\"ReadAction\",\"target\":[\"https:\\\/\\\/www.go-now.eu\\\/fr\\\/produit\\\/jus-de-curcuma-200ml-12-pack\\\/\"]}]},{\"@type\":\"ImageObject\",\"inLanguage\":\"fr-FR\",\"@id\":\"https:\\\/\\\/www.go-now.eu\\\/fr\\\/produit\\\/jus-de-curcuma-200ml-12-pack\\\/#primaryimage\",\"url\":\"https:\\\/\\\/www.go-now.eu\\\/wp-content\\\/uploads\\\/2023\\\/07\\\/2.jpg\",\"contentUrl\":\"https:\\\/\\\/www.go-now.eu\\\/wp-content\\\/uploads\\\/2023\\\/07\\\/2.jpg\",\"width\":1080,\"height\":1080,\"caption\":\"jus de curcuma\"},{\"@type\":\"BreadcrumbList\",\"@id\":\"https:\\\/\\\/www.go-now.eu\\\/fr\\\/produit\\\/jus-de-curcuma-200ml-12-pack\\\/#breadcrumb\",\"itemListElement\":[{\"@type\":\"ListItem\",\"position\":1,\"name\":\"Home\",\"item\":\"https:\\\/\\\/www.go-now.eu\\\/fr\\\/\"},{\"@type\":\"ListItem\",\"position\":2,\"name\":\"Boutique\",\"item\":\"https:\\\/\\\/www.go-now.eu\\\/fr\\\/boutique\\\/\"},{\"@type\":\"ListItem\",\"position\":3,\"name\":\"12x Jus de Curcuma 200ml\"}]},{\"@type\":\"WebSite\",\"@id\":\"https:\\\/\\\/www.go-now.eu\\\/fr\\\/#website\",\"url\":\"https:\\\/\\\/www.go-now.eu\\\/fr\\\/\",\"name\":\"Go Now\",\"description\":\"\",\"publisher\":{\"@id\":\"https:\\\/\\\/www.go-now.eu\\\/fr\\\/#organization\"},\"alternateName\":\"Go Now\",\"potentialAction\":[{\"@type\":\"SearchAction\",\"target\":{\"@type\":\"EntryPoint\",\"urlTemplate\":\"https:\\\/\\\/www.go-now.eu\\\/fr\\\/?s={search_term_string}\"},\"query-input\":{\"@type\":\"PropertyValueSpecification\",\"valueRequired\":true,\"valueName\":\"search_term_string\"}}],\"inLanguage\":\"fr-FR\"},{\"@type\":\"Organization\",\"@id\":\"https:\\\/\\\/www.go-now.eu\\\/fr\\\/#organization\",\"name\":\"Go Now\",\"alternateName\":\"Go Now\",\"url\":\"https:\\\/\\\/www.go-now.eu\\\/fr\\\/\",\"logo\":{\"@type\":\"ImageObject\",\"inLanguage\":\"fr-FR\",\"@id\":\"https:\\\/\\\/www.go-now.eu\\\/fr\\\/#\\\/schema\\\/logo\\\/image\\\/\",\"url\":\"https:\\\/\\\/www.go-now.eu\\\/wp-content\\\/uploads\\\/2023\\\/01\\\/logo-go-now-full-rgb@2x.png\",\"contentUrl\":\"https:\\\/\\\/www.go-now.eu\\\/wp-content\\\/uploads\\\/2023\\\/01\\\/logo-go-now-full-rgb@2x.png\",\"width\":313,\"height\":313,\"caption\":\"Go Now\"},\"image\":{\"@id\":\"https:\\\/\\\/www.go-now.eu\\\/fr\\\/#\\\/schema\\\/logo\\\/image\\\/\"},\"sameAs\":[\"https:\\\/\\\/www.facebook.com\\\/GoNowShots\",\"https:\\\/\\\/x.com\\\/gonowshots\",\"https:\\\/\\\/www.instagram.com\\\/gonowshots\\\/\",\"https:\\\/\\\/pinterest.com\\\/gonowshots\\\/\",\"https:\\\/\\\/www.linkedin.com\\\/company\\\/gonowshots\\\/\"]}]}<\/script>\n<!-- \/ Yoast SEO plugin. -->","yoast_head_json":{"title":"12x Jus de Curcuma 200ml - Go Now | 100 % Biologique","description":"Notre jus de curcuma biologique se m\u00e9lange facilement pour des boissons ou shots de curcuma ! Commandez vite et d\u00e9couvrez !","robots":{"index":"index","follow":"follow","max-snippet":"max-snippet:-1","max-image-preview":"max-image-preview:large","max-video-preview":"max-video-preview:-1"},"canonical":"https:\/\/www.go-now.eu\/fr\/produit\/jus-de-curcuma-200ml-12-pack\/","og_locale":"fr_FR","og_type":"article","og_title":"12x Jus de Curcuma 200ml - Go Now | 100 % Biologique","og_description":"Notre jus de curcuma biologique se m\u00e9lange facilement pour des boissons ou shots de curcuma ! Commandez vite et d\u00e9couvrez !","og_url":"https:\/\/www.go-now.eu\/fr\/produit\/jus-de-curcuma-200ml-12-pack\/","og_site_name":"Go Now","article_publisher":"https:\/\/www.facebook.com\/GoNowShots","article_modified_time":"2026-03-04T19:40:50+00:00","og_image":[{"width":1080,"height":1080,"url":"https:\/\/www.go-now.eu\/wp-content\/uploads\/2023\/07\/2.jpg","type":"image\/jpeg"}],"twitter_card":"summary_large_image","twitter_site":"@gonowshots","twitter_misc":{"Dur\u00e9e de lecture estim\u00e9e":"1 minute"},"schema":{"@context":"https:\/\/schema.org","@graph":[{"@type":"WebPage","@id":"https:\/\/www.go-now.eu\/fr\/produit\/jus-de-curcuma-200ml-12-pack\/","url":"https:\/\/www.go-now.eu\/fr\/produit\/jus-de-curcuma-200ml-12-pack\/","name":"12x Jus de Curcuma 200ml - Go Now | 100 % Biologique","isPartOf":{"@id":"https:\/\/www.go-now.eu\/fr\/#website"},"primaryImageOfPage":{"@id":"https:\/\/www.go-now.eu\/fr\/produit\/jus-de-curcuma-200ml-12-pack\/#primaryimage"},"image":{"@id":"https:\/\/www.go-now.eu\/fr\/produit\/jus-de-curcuma-200ml-12-pack\/#primaryimage"},"thumbnailUrl":"https:\/\/www.go-now.eu\/wp-content\/uploads\/2023\/07\/2.jpg","datePublished":"2026-03-04T19:23:41+00:00","dateModified":"2026-03-04T19:40:50+00:00","description":"Notre jus de curcuma biologique se m\u00e9lange facilement pour des boissons ou shots de curcuma ! Commandez vite et d\u00e9couvrez !","breadcrumb":{"@id":"https:\/\/www.go-now.eu\/fr\/produit\/jus-de-curcuma-200ml-12-pack\/#breadcrumb"},"inLanguage":"fr-FR","potentialAction":[{"@type":"ReadAction","target":["https:\/\/www.go-now.eu\/fr\/produit\/jus-de-curcuma-200ml-12-pack\/"]}]},{"@type":"ImageObject","inLanguage":"fr-FR","@id":"https:\/\/www.go-now.eu\/fr\/produit\/jus-de-curcuma-200ml-12-pack\/#primaryimage","url":"https:\/\/www.go-now.eu\/wp-content\/uploads\/2023\/07\/2.jpg","contentUrl":"https:\/\/www.go-now.eu\/wp-content\/uploads\/2023\/07\/2.jpg","width":1080,"height":1080,"caption":"jus de curcuma"},{"@type":"BreadcrumbList","@id":"https:\/\/www.go-now.eu\/fr\/produit\/jus-de-curcuma-200ml-12-pack\/#breadcrumb","itemListElement":[{"@type":"ListItem","position":1,"name":"Home","item":"https:\/\/www.go-now.eu\/fr\/"},{"@type":"ListItem","position":2,"name":"Boutique","item":"https:\/\/www.go-now.eu\/fr\/boutique\/"},{"@type":"ListItem","position":3,"name":"12x Jus de Curcuma 200ml"}]},{"@type":"WebSite","@id":"https:\/\/www.go-now.eu\/fr\/#website","url":"https:\/\/www.go-now.eu\/fr\/","name":"Go Now","description":"","publisher":{"@id":"https:\/\/www.go-now.eu\/fr\/#organization"},"alternateName":"Go Now","potentialAction":[{"@type":"SearchAction","target":{"@type":"EntryPoint","urlTemplate":"https:\/\/www.go-now.eu\/fr\/?s={search_term_string}"},"query-input":{"@type":"PropertyValueSpecification","valueRequired":true,"valueName":"search_term_string"}}],"inLanguage":"fr-FR"},{"@type":"Organization","@id":"https:\/\/www.go-now.eu\/fr\/#organization","name":"Go Now","alternateName":"Go Now","url":"https:\/\/www.go-now.eu\/fr\/","logo":{"@type":"ImageObject","inLanguage":"fr-FR","@id":"https:\/\/www.go-now.eu\/fr\/#\/schema\/logo\/image\/","url":"https:\/\/www.go-now.eu\/wp-content\/uploads\/2023\/01\/logo-go-now-full-rgb@2x.png","contentUrl":"https:\/\/www.go-now.eu\/wp-content\/uploads\/2023\/01\/logo-go-now-full-rgb@2x.png","width":313,"height":313,"caption":"Go Now"},"image":{"@id":"https:\/\/www.go-now.eu\/fr\/#\/schema\/logo\/image\/"},"sameAs":["https:\/\/www.facebook.com\/GoNowShots","https:\/\/x.com\/gonowshots","https:\/\/www.instagram.com\/gonowshots\/","https:\/\/pinterest.com\/gonowshots\/","https:\/\/www.linkedin.com\/company\/gonowshots\/"]}]}},"jetpack_sharing_enabled":true,"_links":{"self":[{"href":"https:\/\/www.go-now.eu\/fr\/wp-json\/wp\/v2\/product\/123043","targetHints":{"allow":["GET"]}}],"collection":[{"href":"https:\/\/www.go-now.eu\/fr\/wp-json\/wp\/v2\/product"}],"about":[{"href":"https:\/\/www.go-now.eu\/fr\/wp-json\/wp\/v2\/types\/product"}],"wp:featuredmedia":[{"embeddable":true,"href":"https:\/\/www.go-now.eu\/fr\/wp-json\/wp\/v2\/media\/78257"}],"wp:attachment":[{"href":"https:\/\/www.go-now.eu\/fr\/wp-json\/wp\/v2\/media?parent=123043"}],"wp:term":[{"taxonomy":"product_brand","embeddable":true,"href":"https:\/\/www.go-now.eu\/fr\/wp-json\/wp\/v2\/product_brand?post=123043"},{"taxonomy":"product_cat","embeddable":true,"href":"https:\/\/www.go-now.eu\/fr\/wp-json\/wp\/v2\/product_cat?post=123043"},{"taxonomy":"product_tag","embeddable":true,"href":"https:\/\/www.go-now.eu\/fr\/wp-json\/wp\/v2\/product_tag?post=123043"}],"curies":[{"name":"wp","href":"https:\/\/api.w.org\/{rel}","templated":true}]}}