{"id":79092,"date":"2020-10-26T13:19:04","date_gmt":"2020-10-26T12:19:04","guid":{"rendered":"https:\/\/www.go-now.eu\/product\/pure-gembersap-200ml\/"},"modified":"2024-11-01T12:03:30","modified_gmt":"2024-11-01T11:03:30","slug":"jus-de-gingembre-200ml","status":"publish","type":"product","link":"https:\/\/www.go-now.eu\/fr\/produit\/jus-de-gingembre-200ml\/","title":{"rendered":"Jus de Gingembre 200ml"},"content":{"rendered":"","protected":false},"excerpt":{"rendered":"<p>D\u00e9couvrez la pure puissance de notre <strong>jus de gingembre 100 % biologique<\/strong>. Id\u00e9al pour m\u00e9langer avec du t<strong>h\u00e9, des smoothies, de l&rsquo;eau p\u00e9tillante et plus encore<\/strong> ! Sans aucun ajout, comme le sucre. Une seule bouteille permet de pr\u00e9parer environ <strong>20 boissons saines<\/strong>.<\/p>\n","protected":false},"featured_media":78260,"template":"","meta":{"_acf_changed":false},"product_brand":[],"product_cat":[148,147],"product_tag":[],"class_list":{"0":"post-79092","1":"product","2":"type-product","3":"status-publish","4":"has-post-thumbnail","6":"product_cat-gingembre-fr","7":"product_cat-ready-to-mix-fr","8":"tm-no-options","10":"first","11":"instock","12":"sale","13":"taxable","14":"shipping-taxable","15":"purchasable","16":"product-type-variable","17":"has-default-attributes"},"acf":[],"yoast_head":"<!-- This site is optimized with the Yoast SEO plugin v27.4 - https:\/\/yoast.com\/product\/yoast-seo-wordpress\/ -->\n<title>Jus de Gingembre 200ml - Go Now | 100 % Biologique<\/title>\n<meta name=\"description\" content=\"Notre jus de gingembre biologique se m\u00e9lange facilement pour du th\u00e9 ou des shots de gingembre ! Commandez vite et d\u00e9couvrez !\" \/>\n<meta name=\"robots\" content=\"index, follow, max-snippet:-1, max-image-preview:large, max-video-preview:-1\" \/>\n<link rel=\"canonical\" href=\"https:\/\/www.go-now.eu\/fr\/produit\/jus-de-gingembre-200ml\/\" \/>\n<meta property=\"og:locale\" content=\"fr_FR\" \/>\n<meta property=\"og:type\" content=\"article\" \/>\n<meta property=\"og:title\" content=\"Jus de Gingembre 200ml - Go Now | 100 % Biologique\" \/>\n<meta property=\"og:description\" content=\"Notre jus de gingembre biologique se m\u00e9lange facilement pour du th\u00e9 ou des shots de gingembre ! Commandez vite et d\u00e9couvrez !\" \/>\n<meta property=\"og:url\" content=\"https:\/\/www.go-now.eu\/fr\/produit\/jus-de-gingembre-200ml\/\" \/>\n<meta property=\"og:site_name\" content=\"Go Now\" \/>\n<meta property=\"article:publisher\" content=\"https:\/\/www.facebook.com\/GoNowShots\" \/>\n<meta property=\"article:modified_time\" content=\"2024-11-01T11:03:30+00:00\" \/>\n<meta property=\"og:image\" content=\"https:\/\/www.go-now.eu\/wp-content\/uploads\/2023\/07\/3.jpg\" \/>\n\t<meta property=\"og:image:width\" content=\"1080\" \/>\n\t<meta property=\"og:image:height\" content=\"1080\" \/>\n\t<meta property=\"og:image:type\" content=\"image\/jpeg\" \/>\n<meta name=\"twitter:card\" content=\"summary_large_image\" \/>\n<meta name=\"twitter:site\" content=\"@gonowshots\" \/>\n<meta name=\"twitter:label1\" content=\"Dur\u00e9e de lecture estim\u00e9e\" \/>\n\t<meta name=\"twitter:data1\" content=\"1 minute\" \/>\n<script type=\"application\/ld+json\" class=\"yoast-schema-graph\">{\"@context\":\"https:\\\/\\\/schema.org\",\"@graph\":[{\"@type\":\"WebPage\",\"@id\":\"https:\\\/\\\/www.go-now.eu\\\/fr\\\/produit\\\/jus-de-gingembre-200ml\\\/\",\"url\":\"https:\\\/\\\/www.go-now.eu\\\/fr\\\/produit\\\/jus-de-gingembre-200ml\\\/\",\"name\":\"Jus de Gingembre 200ml - Go Now | 100 % Biologique\",\"isPartOf\":{\"@id\":\"https:\\\/\\\/www.go-now.eu\\\/fr\\\/#website\"},\"primaryImageOfPage\":{\"@id\":\"https:\\\/\\\/www.go-now.eu\\\/fr\\\/produit\\\/jus-de-gingembre-200ml\\\/#primaryimage\"},\"image\":{\"@id\":\"https:\\\/\\\/www.go-now.eu\\\/fr\\\/produit\\\/jus-de-gingembre-200ml\\\/#primaryimage\"},\"thumbnailUrl\":\"https:\\\/\\\/www.go-now.eu\\\/wp-content\\\/uploads\\\/2023\\\/07\\\/3.jpg\",\"datePublished\":\"2020-10-26T12:19:04+00:00\",\"dateModified\":\"2024-11-01T11:03:30+00:00\",\"description\":\"Notre jus de gingembre biologique se m\u00e9lange facilement pour du th\u00e9 ou des shots de gingembre ! Commandez vite et d\u00e9couvrez !\",\"breadcrumb\":{\"@id\":\"https:\\\/\\\/www.go-now.eu\\\/fr\\\/produit\\\/jus-de-gingembre-200ml\\\/#breadcrumb\"},\"inLanguage\":\"fr-FR\",\"potentialAction\":[{\"@type\":\"ReadAction\",\"target\":[\"https:\\\/\\\/www.go-now.eu\\\/fr\\\/produit\\\/jus-de-gingembre-200ml\\\/\"]}]},{\"@type\":\"ImageObject\",\"inLanguage\":\"fr-FR\",\"@id\":\"https:\\\/\\\/www.go-now.eu\\\/fr\\\/produit\\\/jus-de-gingembre-200ml\\\/#primaryimage\",\"url\":\"https:\\\/\\\/www.go-now.eu\\\/wp-content\\\/uploads\\\/2023\\\/07\\\/3.jpg\",\"contentUrl\":\"https:\\\/\\\/www.go-now.eu\\\/wp-content\\\/uploads\\\/2023\\\/07\\\/3.jpg\",\"width\":1080,\"height\":1080},{\"@type\":\"BreadcrumbList\",\"@id\":\"https:\\\/\\\/www.go-now.eu\\\/fr\\\/produit\\\/jus-de-gingembre-200ml\\\/#breadcrumb\",\"itemListElement\":[{\"@type\":\"ListItem\",\"position\":1,\"name\":\"Home\",\"item\":\"https:\\\/\\\/www.go-now.eu\\\/fr\\\/\"},{\"@type\":\"ListItem\",\"position\":2,\"name\":\"Boutique\",\"item\":\"https:\\\/\\\/www.go-now.eu\\\/fr\\\/boutique\\\/\"},{\"@type\":\"ListItem\",\"position\":3,\"name\":\"Jus de Gingembre 200ml\"}]},{\"@type\":\"WebSite\",\"@id\":\"https:\\\/\\\/www.go-now.eu\\\/fr\\\/#website\",\"url\":\"https:\\\/\\\/www.go-now.eu\\\/fr\\\/\",\"name\":\"Go Now\",\"description\":\"\",\"publisher\":{\"@id\":\"https:\\\/\\\/www.go-now.eu\\\/fr\\\/#organization\"},\"alternateName\":\"Go Now\",\"potentialAction\":[{\"@type\":\"SearchAction\",\"target\":{\"@type\":\"EntryPoint\",\"urlTemplate\":\"https:\\\/\\\/www.go-now.eu\\\/fr\\\/?s={search_term_string}\"},\"query-input\":{\"@type\":\"PropertyValueSpecification\",\"valueRequired\":true,\"valueName\":\"search_term_string\"}}],\"inLanguage\":\"fr-FR\"},{\"@type\":\"Organization\",\"@id\":\"https:\\\/\\\/www.go-now.eu\\\/fr\\\/#organization\",\"name\":\"Go Now\",\"alternateName\":\"Go Now\",\"url\":\"https:\\\/\\\/www.go-now.eu\\\/fr\\\/\",\"logo\":{\"@type\":\"ImageObject\",\"inLanguage\":\"fr-FR\",\"@id\":\"https:\\\/\\\/www.go-now.eu\\\/fr\\\/#\\\/schema\\\/logo\\\/image\\\/\",\"url\":\"https:\\\/\\\/www.go-now.eu\\\/wp-content\\\/uploads\\\/2023\\\/01\\\/logo-go-now-full-rgb@2x.png\",\"contentUrl\":\"https:\\\/\\\/www.go-now.eu\\\/wp-content\\\/uploads\\\/2023\\\/01\\\/logo-go-now-full-rgb@2x.png\",\"width\":313,\"height\":313,\"caption\":\"Go Now\"},\"image\":{\"@id\":\"https:\\\/\\\/www.go-now.eu\\\/fr\\\/#\\\/schema\\\/logo\\\/image\\\/\"},\"sameAs\":[\"https:\\\/\\\/www.facebook.com\\\/GoNowShots\",\"https:\\\/\\\/x.com\\\/gonowshots\",\"https:\\\/\\\/www.instagram.com\\\/gonowshots\\\/\",\"https:\\\/\\\/pinterest.com\\\/gonowshots\\\/\",\"https:\\\/\\\/www.linkedin.com\\\/company\\\/gonowshots\\\/\"]}]}<\/script>\n<!-- \/ Yoast SEO plugin. -->","yoast_head_json":{"title":"Jus de Gingembre 200ml - Go Now | 100 % Biologique","description":"Notre jus de gingembre biologique se m\u00e9lange facilement pour du th\u00e9 ou des shots de gingembre ! Commandez vite et d\u00e9couvrez !","robots":{"index":"index","follow":"follow","max-snippet":"max-snippet:-1","max-image-preview":"max-image-preview:large","max-video-preview":"max-video-preview:-1"},"canonical":"https:\/\/www.go-now.eu\/fr\/produit\/jus-de-gingembre-200ml\/","og_locale":"fr_FR","og_type":"article","og_title":"Jus de Gingembre 200ml - Go Now | 100 % Biologique","og_description":"Notre jus de gingembre biologique se m\u00e9lange facilement pour du th\u00e9 ou des shots de gingembre ! Commandez vite et d\u00e9couvrez !","og_url":"https:\/\/www.go-now.eu\/fr\/produit\/jus-de-gingembre-200ml\/","og_site_name":"Go Now","article_publisher":"https:\/\/www.facebook.com\/GoNowShots","article_modified_time":"2024-11-01T11:03:30+00:00","og_image":[{"width":1080,"height":1080,"url":"https:\/\/www.go-now.eu\/wp-content\/uploads\/2023\/07\/3.jpg","type":"image\/jpeg"}],"twitter_card":"summary_large_image","twitter_site":"@gonowshots","twitter_misc":{"Dur\u00e9e de lecture estim\u00e9e":"1 minute"},"schema":{"@context":"https:\/\/schema.org","@graph":[{"@type":"WebPage","@id":"https:\/\/www.go-now.eu\/fr\/produit\/jus-de-gingembre-200ml\/","url":"https:\/\/www.go-now.eu\/fr\/produit\/jus-de-gingembre-200ml\/","name":"Jus de Gingembre 200ml - Go Now | 100 % Biologique","isPartOf":{"@id":"https:\/\/www.go-now.eu\/fr\/#website"},"primaryImageOfPage":{"@id":"https:\/\/www.go-now.eu\/fr\/produit\/jus-de-gingembre-200ml\/#primaryimage"},"image":{"@id":"https:\/\/www.go-now.eu\/fr\/produit\/jus-de-gingembre-200ml\/#primaryimage"},"thumbnailUrl":"https:\/\/www.go-now.eu\/wp-content\/uploads\/2023\/07\/3.jpg","datePublished":"2020-10-26T12:19:04+00:00","dateModified":"2024-11-01T11:03:30+00:00","description":"Notre jus de gingembre biologique se m\u00e9lange facilement pour du th\u00e9 ou des shots de gingembre ! Commandez vite et d\u00e9couvrez !","breadcrumb":{"@id":"https:\/\/www.go-now.eu\/fr\/produit\/jus-de-gingembre-200ml\/#breadcrumb"},"inLanguage":"fr-FR","potentialAction":[{"@type":"ReadAction","target":["https:\/\/www.go-now.eu\/fr\/produit\/jus-de-gingembre-200ml\/"]}]},{"@type":"ImageObject","inLanguage":"fr-FR","@id":"https:\/\/www.go-now.eu\/fr\/produit\/jus-de-gingembre-200ml\/#primaryimage","url":"https:\/\/www.go-now.eu\/wp-content\/uploads\/2023\/07\/3.jpg","contentUrl":"https:\/\/www.go-now.eu\/wp-content\/uploads\/2023\/07\/3.jpg","width":1080,"height":1080},{"@type":"BreadcrumbList","@id":"https:\/\/www.go-now.eu\/fr\/produit\/jus-de-gingembre-200ml\/#breadcrumb","itemListElement":[{"@type":"ListItem","position":1,"name":"Home","item":"https:\/\/www.go-now.eu\/fr\/"},{"@type":"ListItem","position":2,"name":"Boutique","item":"https:\/\/www.go-now.eu\/fr\/boutique\/"},{"@type":"ListItem","position":3,"name":"Jus de Gingembre 200ml"}]},{"@type":"WebSite","@id":"https:\/\/www.go-now.eu\/fr\/#website","url":"https:\/\/www.go-now.eu\/fr\/","name":"Go Now","description":"","publisher":{"@id":"https:\/\/www.go-now.eu\/fr\/#organization"},"alternateName":"Go Now","potentialAction":[{"@type":"SearchAction","target":{"@type":"EntryPoint","urlTemplate":"https:\/\/www.go-now.eu\/fr\/?s={search_term_string}"},"query-input":{"@type":"PropertyValueSpecification","valueRequired":true,"valueName":"search_term_string"}}],"inLanguage":"fr-FR"},{"@type":"Organization","@id":"https:\/\/www.go-now.eu\/fr\/#organization","name":"Go Now","alternateName":"Go Now","url":"https:\/\/www.go-now.eu\/fr\/","logo":{"@type":"ImageObject","inLanguage":"fr-FR","@id":"https:\/\/www.go-now.eu\/fr\/#\/schema\/logo\/image\/","url":"https:\/\/www.go-now.eu\/wp-content\/uploads\/2023\/01\/logo-go-now-full-rgb@2x.png","contentUrl":"https:\/\/www.go-now.eu\/wp-content\/uploads\/2023\/01\/logo-go-now-full-rgb@2x.png","width":313,"height":313,"caption":"Go Now"},"image":{"@id":"https:\/\/www.go-now.eu\/fr\/#\/schema\/logo\/image\/"},"sameAs":["https:\/\/www.facebook.com\/GoNowShots","https:\/\/x.com\/gonowshots","https:\/\/www.instagram.com\/gonowshots\/","https:\/\/pinterest.com\/gonowshots\/","https:\/\/www.linkedin.com\/company\/gonowshots\/"]}]}},"jetpack_sharing_enabled":true,"_links":{"self":[{"href":"https:\/\/www.go-now.eu\/fr\/wp-json\/wp\/v2\/product\/79092","targetHints":{"allow":["GET"]}}],"collection":[{"href":"https:\/\/www.go-now.eu\/fr\/wp-json\/wp\/v2\/product"}],"about":[{"href":"https:\/\/www.go-now.eu\/fr\/wp-json\/wp\/v2\/types\/product"}],"wp:featuredmedia":[{"embeddable":true,"href":"https:\/\/www.go-now.eu\/fr\/wp-json\/wp\/v2\/media\/78260"}],"wp:attachment":[{"href":"https:\/\/www.go-now.eu\/fr\/wp-json\/wp\/v2\/media?parent=79092"}],"wp:term":[{"taxonomy":"product_brand","embeddable":true,"href":"https:\/\/www.go-now.eu\/fr\/wp-json\/wp\/v2\/product_brand?post=79092"},{"taxonomy":"product_cat","embeddable":true,"href":"https:\/\/www.go-now.eu\/fr\/wp-json\/wp\/v2\/product_cat?post=79092"},{"taxonomy":"product_tag","embeddable":true,"href":"https:\/\/www.go-now.eu\/fr\/wp-json\/wp\/v2\/product_tag?post=79092"}],"curies":[{"name":"wp","href":"https:\/\/api.w.org\/{rel}","templated":true}]}}