{"id":95180,"date":"2025-01-24T14:46:05","date_gmt":"2025-01-24T13:46:05","guid":{"rendered":"https:\/\/www.go-now.eu\/?post_type=product&#038;p=95180"},"modified":"2025-02-14T14:50:57","modified_gmt":"2025-02-14T13:50:57","slug":"jus-de-gingembre-750ml-bienvenue","status":"publish","type":"product","link":"https:\/\/www.go-now.eu\/fr\/produit\/jus-de-gingembre-750ml-bienvenue\/","title":{"rendered":"Jus de Gingembre 750ml"},"content":{"rendered":"","protected":false},"excerpt":{"rendered":"<p>D\u00e9couvrez la pure puissance de notre <strong>jus de gingembre 100 % biologique<\/strong>. Id\u00e9al pour m\u00e9langer avec du <strong>th\u00e9, des smoothies, de l&rsquo;eau p\u00e9tillante et plus encore<\/strong> ! Sans aucun ajout, comme le sucre. Une seule bouteille permet de pr\u00e9parer environ <strong>70 boissons saines<\/strong>.<\/p>\n<h6><strong>Commandez maintenant avec 10 % de remise de bienvenue !<\/strong><\/h6>\n","protected":false},"featured_media":97332,"template":"","meta":{"_acf_changed":false},"product_brand":[],"product_cat":[201],"product_tag":[],"class_list":{"0":"post-95180","1":"product","2":"type-product","3":"status-publish","4":"has-post-thumbnail","6":"product_cat-action-fr","7":"tm-no-options","9":"first","10":"instock","11":"sale","12":"taxable","13":"shipping-taxable","14":"purchasable","15":"product-type-variable","16":"has-default-attributes"},"acf":[],"yoast_head":"<!-- This site is optimized with the Yoast SEO plugin v27.2 - https:\/\/yoast.com\/product\/yoast-seo-wordpress\/ -->\n<title>Jus de Gingembre 750ml - Go Now | 100 % Biologique<\/title>\n<meta name=\"description\" content=\"Notre jus de gingembre biologique se m\u00e9lange facilement pour du th\u00e9 ou des shots de gingembre ! Commandez vite et d\u00e9couvrez !\" \/>\n<meta name=\"robots\" content=\"index, follow, max-snippet:-1, max-image-preview:large, max-video-preview:-1\" \/>\n<link rel=\"canonical\" href=\"https:\/\/www.go-now.eu\/fr\/produit\/jus-de-gingembre-750ml-bienvenue\/\" \/>\n<meta property=\"og:locale\" content=\"fr_FR\" \/>\n<meta property=\"og:type\" content=\"article\" \/>\n<meta property=\"og:title\" content=\"Jus de Gingembre 750ml - Go Now | 100 % Biologique\" \/>\n<meta property=\"og:description\" content=\"Notre jus de gingembre biologique se m\u00e9lange facilement pour du th\u00e9 ou des shots de gingembre ! Commandez vite et d\u00e9couvrez !\" \/>\n<meta property=\"og:url\" content=\"https:\/\/www.go-now.eu\/fr\/produit\/jus-de-gingembre-750ml-bienvenue\/\" \/>\n<meta property=\"og:site_name\" content=\"Go Now\" \/>\n<meta property=\"article:publisher\" content=\"https:\/\/www.facebook.com\/GoNowShots\" \/>\n<meta property=\"article:modified_time\" content=\"2025-02-14T13:50:57+00:00\" \/>\n<meta property=\"og:image\" content=\"https:\/\/www.go-now.eu\/wp-content\/uploads\/2025\/01\/black-Friday-6-1.jpg\" \/>\n\t<meta property=\"og:image:width\" content=\"1080\" \/>\n\t<meta property=\"og:image:height\" content=\"1080\" \/>\n\t<meta property=\"og:image:type\" content=\"image\/jpeg\" \/>\n<meta name=\"twitter:card\" content=\"summary_large_image\" \/>\n<meta name=\"twitter:site\" content=\"@gonowshots\" \/>\n<meta name=\"twitter:label1\" content=\"Dur\u00e9e de lecture estim\u00e9e\" \/>\n\t<meta name=\"twitter:data1\" content=\"1 minute\" \/>\n<script type=\"application\/ld+json\" class=\"yoast-schema-graph\">{\"@context\":\"https:\/\/schema.org\",\"@graph\":[{\"@type\":\"WebPage\",\"@id\":\"https:\/\/www.go-now.eu\/fr\/produit\/jus-de-gingembre-750ml-bienvenue\/\",\"url\":\"https:\/\/www.go-now.eu\/fr\/produit\/jus-de-gingembre-750ml-bienvenue\/\",\"name\":\"Jus de Gingembre 750ml - Go Now | 100 % Biologique\",\"isPartOf\":{\"@id\":\"https:\/\/www.go-now.eu\/fr\/#website\"},\"primaryImageOfPage\":{\"@id\":\"https:\/\/www.go-now.eu\/fr\/produit\/jus-de-gingembre-750ml-bienvenue\/#primaryimage\"},\"image\":{\"@id\":\"https:\/\/www.go-now.eu\/fr\/produit\/jus-de-gingembre-750ml-bienvenue\/#primaryimage\"},\"thumbnailUrl\":\"https:\/\/www.go-now.eu\/wp-content\/uploads\/2025\/01\/black-Friday-6-1.jpg\",\"datePublished\":\"2025-01-24T13:46:05+00:00\",\"dateModified\":\"2025-02-14T13:50:57+00:00\",\"description\":\"Notre jus de gingembre biologique se m\u00e9lange facilement pour du th\u00e9 ou des shots de gingembre ! Commandez vite et d\u00e9couvrez !\",\"breadcrumb\":{\"@id\":\"https:\/\/www.go-now.eu\/fr\/produit\/jus-de-gingembre-750ml-bienvenue\/#breadcrumb\"},\"inLanguage\":\"fr-FR\",\"potentialAction\":[{\"@type\":\"ReadAction\",\"target\":[\"https:\/\/www.go-now.eu\/fr\/produit\/jus-de-gingembre-750ml-bienvenue\/\"]}]},{\"@type\":\"ImageObject\",\"inLanguage\":\"fr-FR\",\"@id\":\"https:\/\/www.go-now.eu\/fr\/produit\/jus-de-gingembre-750ml-bienvenue\/#primaryimage\",\"url\":\"https:\/\/www.go-now.eu\/wp-content\/uploads\/2025\/01\/black-Friday-6-1.jpg\",\"contentUrl\":\"https:\/\/www.go-now.eu\/wp-content\/uploads\/2025\/01\/black-Friday-6-1.jpg\",\"width\":1080,\"height\":1080},{\"@type\":\"BreadcrumbList\",\"@id\":\"https:\/\/www.go-now.eu\/fr\/produit\/jus-de-gingembre-750ml-bienvenue\/#breadcrumb\",\"itemListElement\":[{\"@type\":\"ListItem\",\"position\":1,\"name\":\"Home\",\"item\":\"https:\/\/www.go-now.eu\/fr\/\"},{\"@type\":\"ListItem\",\"position\":2,\"name\":\"Boutique\",\"item\":\"https:\/\/www.go-now.eu\/fr\/boutique\/\"},{\"@type\":\"ListItem\",\"position\":3,\"name\":\"Jus de Gingembre 750ml\"}]},{\"@type\":\"WebSite\",\"@id\":\"https:\/\/www.go-now.eu\/fr\/#website\",\"url\":\"https:\/\/www.go-now.eu\/fr\/\",\"name\":\"Go Now\",\"description\":\"\",\"publisher\":{\"@id\":\"https:\/\/www.go-now.eu\/fr\/#organization\"},\"alternateName\":\"Go Now\",\"potentialAction\":[{\"@type\":\"SearchAction\",\"target\":{\"@type\":\"EntryPoint\",\"urlTemplate\":\"https:\/\/www.go-now.eu\/fr\/?s={search_term_string}\"},\"query-input\":{\"@type\":\"PropertyValueSpecification\",\"valueRequired\":true,\"valueName\":\"search_term_string\"}}],\"inLanguage\":\"fr-FR\"},{\"@type\":\"Organization\",\"@id\":\"https:\/\/www.go-now.eu\/fr\/#organization\",\"name\":\"Go Now\",\"alternateName\":\"Go Now\",\"url\":\"https:\/\/www.go-now.eu\/fr\/\",\"logo\":{\"@type\":\"ImageObject\",\"inLanguage\":\"fr-FR\",\"@id\":\"https:\/\/www.go-now.eu\/fr\/#\/schema\/logo\/image\/\",\"url\":\"https:\/\/www.go-now.eu\/wp-content\/uploads\/2023\/01\/logo-go-now-full-rgb@2x.png\",\"contentUrl\":\"https:\/\/www.go-now.eu\/wp-content\/uploads\/2023\/01\/logo-go-now-full-rgb@2x.png\",\"width\":313,\"height\":313,\"caption\":\"Go Now\"},\"image\":{\"@id\":\"https:\/\/www.go-now.eu\/fr\/#\/schema\/logo\/image\/\"},\"sameAs\":[\"https:\/\/www.facebook.com\/GoNowShots\",\"https:\/\/x.com\/gonowshots\",\"https:\/\/www.instagram.com\/gonowshots\/\",\"https:\/\/pinterest.com\/gonowshots\/\",\"https:\/\/www.linkedin.com\/company\/gonowshots\/\"]}]}<\/script>\n<!-- \/ Yoast SEO plugin. -->","yoast_head_json":{"title":"Jus de Gingembre 750ml - Go Now | 100 % Biologique","description":"Notre jus de gingembre biologique se m\u00e9lange facilement pour du th\u00e9 ou des shots de gingembre ! Commandez vite et d\u00e9couvrez !","robots":{"index":"index","follow":"follow","max-snippet":"max-snippet:-1","max-image-preview":"max-image-preview:large","max-video-preview":"max-video-preview:-1"},"canonical":"https:\/\/www.go-now.eu\/fr\/produit\/jus-de-gingembre-750ml-bienvenue\/","og_locale":"fr_FR","og_type":"article","og_title":"Jus de Gingembre 750ml - Go Now | 100 % Biologique","og_description":"Notre jus de gingembre biologique se m\u00e9lange facilement pour du th\u00e9 ou des shots de gingembre ! Commandez vite et d\u00e9couvrez !","og_url":"https:\/\/www.go-now.eu\/fr\/produit\/jus-de-gingembre-750ml-bienvenue\/","og_site_name":"Go Now","article_publisher":"https:\/\/www.facebook.com\/GoNowShots","article_modified_time":"2025-02-14T13:50:57+00:00","og_image":[{"width":1080,"height":1080,"url":"https:\/\/www.go-now.eu\/wp-content\/uploads\/2025\/01\/black-Friday-6-1.jpg","type":"image\/jpeg"}],"twitter_card":"summary_large_image","twitter_site":"@gonowshots","twitter_misc":{"Dur\u00e9e de lecture estim\u00e9e":"1 minute"},"schema":{"@context":"https:\/\/schema.org","@graph":[{"@type":"WebPage","@id":"https:\/\/www.go-now.eu\/fr\/produit\/jus-de-gingembre-750ml-bienvenue\/","url":"https:\/\/www.go-now.eu\/fr\/produit\/jus-de-gingembre-750ml-bienvenue\/","name":"Jus de Gingembre 750ml - Go Now | 100 % Biologique","isPartOf":{"@id":"https:\/\/www.go-now.eu\/fr\/#website"},"primaryImageOfPage":{"@id":"https:\/\/www.go-now.eu\/fr\/produit\/jus-de-gingembre-750ml-bienvenue\/#primaryimage"},"image":{"@id":"https:\/\/www.go-now.eu\/fr\/produit\/jus-de-gingembre-750ml-bienvenue\/#primaryimage"},"thumbnailUrl":"https:\/\/www.go-now.eu\/wp-content\/uploads\/2025\/01\/black-Friday-6-1.jpg","datePublished":"2025-01-24T13:46:05+00:00","dateModified":"2025-02-14T13:50:57+00:00","description":"Notre jus de gingembre biologique se m\u00e9lange facilement pour du th\u00e9 ou des shots de gingembre ! Commandez vite et d\u00e9couvrez !","breadcrumb":{"@id":"https:\/\/www.go-now.eu\/fr\/produit\/jus-de-gingembre-750ml-bienvenue\/#breadcrumb"},"inLanguage":"fr-FR","potentialAction":[{"@type":"ReadAction","target":["https:\/\/www.go-now.eu\/fr\/produit\/jus-de-gingembre-750ml-bienvenue\/"]}]},{"@type":"ImageObject","inLanguage":"fr-FR","@id":"https:\/\/www.go-now.eu\/fr\/produit\/jus-de-gingembre-750ml-bienvenue\/#primaryimage","url":"https:\/\/www.go-now.eu\/wp-content\/uploads\/2025\/01\/black-Friday-6-1.jpg","contentUrl":"https:\/\/www.go-now.eu\/wp-content\/uploads\/2025\/01\/black-Friday-6-1.jpg","width":1080,"height":1080},{"@type":"BreadcrumbList","@id":"https:\/\/www.go-now.eu\/fr\/produit\/jus-de-gingembre-750ml-bienvenue\/#breadcrumb","itemListElement":[{"@type":"ListItem","position":1,"name":"Home","item":"https:\/\/www.go-now.eu\/fr\/"},{"@type":"ListItem","position":2,"name":"Boutique","item":"https:\/\/www.go-now.eu\/fr\/boutique\/"},{"@type":"ListItem","position":3,"name":"Jus de Gingembre 750ml"}]},{"@type":"WebSite","@id":"https:\/\/www.go-now.eu\/fr\/#website","url":"https:\/\/www.go-now.eu\/fr\/","name":"Go Now","description":"","publisher":{"@id":"https:\/\/www.go-now.eu\/fr\/#organization"},"alternateName":"Go Now","potentialAction":[{"@type":"SearchAction","target":{"@type":"EntryPoint","urlTemplate":"https:\/\/www.go-now.eu\/fr\/?s={search_term_string}"},"query-input":{"@type":"PropertyValueSpecification","valueRequired":true,"valueName":"search_term_string"}}],"inLanguage":"fr-FR"},{"@type":"Organization","@id":"https:\/\/www.go-now.eu\/fr\/#organization","name":"Go Now","alternateName":"Go Now","url":"https:\/\/www.go-now.eu\/fr\/","logo":{"@type":"ImageObject","inLanguage":"fr-FR","@id":"https:\/\/www.go-now.eu\/fr\/#\/schema\/logo\/image\/","url":"https:\/\/www.go-now.eu\/wp-content\/uploads\/2023\/01\/logo-go-now-full-rgb@2x.png","contentUrl":"https:\/\/www.go-now.eu\/wp-content\/uploads\/2023\/01\/logo-go-now-full-rgb@2x.png","width":313,"height":313,"caption":"Go Now"},"image":{"@id":"https:\/\/www.go-now.eu\/fr\/#\/schema\/logo\/image\/"},"sameAs":["https:\/\/www.facebook.com\/GoNowShots","https:\/\/x.com\/gonowshots","https:\/\/www.instagram.com\/gonowshots\/","https:\/\/pinterest.com\/gonowshots\/","https:\/\/www.linkedin.com\/company\/gonowshots\/"]}]}},"jetpack_sharing_enabled":true,"_links":{"self":[{"href":"https:\/\/www.go-now.eu\/fr\/wp-json\/wp\/v2\/product\/95180","targetHints":{"allow":["GET"]}}],"collection":[{"href":"https:\/\/www.go-now.eu\/fr\/wp-json\/wp\/v2\/product"}],"about":[{"href":"https:\/\/www.go-now.eu\/fr\/wp-json\/wp\/v2\/types\/product"}],"wp:featuredmedia":[{"embeddable":true,"href":"https:\/\/www.go-now.eu\/fr\/wp-json\/wp\/v2\/media\/97332"}],"wp:attachment":[{"href":"https:\/\/www.go-now.eu\/fr\/wp-json\/wp\/v2\/media?parent=95180"}],"wp:term":[{"taxonomy":"product_brand","embeddable":true,"href":"https:\/\/www.go-now.eu\/fr\/wp-json\/wp\/v2\/product_brand?post=95180"},{"taxonomy":"product_cat","embeddable":true,"href":"https:\/\/www.go-now.eu\/fr\/wp-json\/wp\/v2\/product_cat?post=95180"},{"taxonomy":"product_tag","embeddable":true,"href":"https:\/\/www.go-now.eu\/fr\/wp-json\/wp\/v2\/product_tag?post=95180"}],"curies":[{"name":"wp","href":"https:\/\/api.w.org\/{rel}","templated":true}]}}